{"id":1797,"date":"2022-03-15T09:47:52","date_gmt":"2022-03-15T09:47:52","guid":{"rendered":"https:\/\/wilmontwoodstoves.com\/product\/wilmont-houtkachel\/"},"modified":"2023-10-30T13:34:23","modified_gmt":"2023-10-30T13:34:23","slug":"wilmont-holzofen","status":"publish","type":"product","link":"https:\/\/wilmontwoodstoves.com\/de\/produkt\/wilmont-holzofen\/","title":{"rendered":"Wilmont BF9"},"content":{"rendered":"<p>[vc_row full_width=&#8220;stretch_row&#8220; css=&#8220;.vc_custom_1670341700863{padding-top: 65px !important;background: #ffffff url(https:\/\/wilmontwoodstoves.com\/wp-content\/uploads\/Ontwerp-zonder-titel-11-1.png?id=680) !important;background-position: center !important;background-repeat: no-repeat !important;background-size: cover !important;}&#8220; el_class=&#8220;black-color&#8220;][vc_column][vc_row_inner][vc_column_inner width=&#8220;1\/2&#8243;][vc_column_text]<\/p>\n<h3>Ausf\u00fchrung<\/h3>\n<p>Sie k\u00f6nnen einen Wilmont-Holzofen (BF9) stundenlang brennen lassen und sich an der angenehmen W\u00e4rme, dem fesselnden Flammenspiel und nicht zuletzt am Ofen selbst erfreuen. In dieser Zeit gibt der Ofen seine W\u00e4rme gleichm\u00e4\u00dfig ab. Erst nach 4 bis 8 Stunden muss nachgef\u00fcllt werden.<\/p>\n<p>Der Kaminofen Wilmont ist sandgestrahlt und mit hitzebest\u00e4ndigem Lack lackiert, die Bedienelemente sind entweder vernickelt oder aus Edelstahl<\/p>\n<p><a href=\"\/bijzonder-ontwerp\/\">Lesen Sie mehr \u00fcber dieses besondere Design<\/a>[\/vc_column_text][\/vc_column_inner][vc_column_inner width=&#8220;1\/2&#8243;][vc_video link=&#8220;https:\/\/vimeo.com\/299513526&#8243;][\/vc_column_inner][\/vc_row_inner][vc_column_text el_class=&#8220;center&#8220;]<a href=\"#product-table\"> <img decoding=\"async\" src=\"\/wp-content\/uploads\/icon-down-black.svg\" alt=\"\" \/> <\/a>[\/vc_column_text][\/vc_column][\/vc_row][vc_row full_width=&#8220;stretch_row&#8220; el_id=&#8220;product-table&#8220; css=&#8220;.vc_custom_1661346841141{padding-top: 80px !important;padding-bottom: 90px !important;}&#8220;][vc_column][vc_row_inner content_placement=&#8220;middle&#8220;][vc_column_inner width=&#8220;1\/3&#8243;][vc_single_image image=&#8220;1604&#8243; img_size=&#8220;full&#8220;][\/vc_column_inner][vc_column_inner width=&#8220;2\/3&#8243;][vc_column_text]<\/p>\n<h3>TECHNISCHE DATEN STANDARD HEIZUNG<\/h3>\n<p>[\/vc_column_text][vc_column_text]<\/p>\n<table class=\"table-box\">\n<tbody>\n<tr>\n<td><span class=\"table-bold\" style=\"color: #e1b834;\"> Maximale Leistung: <\/span><\/td>\n<td>9 KW<\/td>\n<\/tr>\n<tr>\n<td><span class=\"table-bold\" style=\"color: #e1b834;\"> Co-Emissionen: <\/span><\/td>\n<td>0,325 g\/Nm3 (0,216 g\/MJ) (0,026 vol%)<\/td>\n<\/tr>\n<tr>\n<td><span class=\"table-bold\" style=\"color: #e1b834;\"> Feinstaubemissionen: <\/span><\/td>\n<td>0,010 g\/Nm3 (0,007 g\/MJ)<\/td>\n<\/tr>\n<tr>\n<td><span class=\"table-bold\" style=\"color: #e1b834;\"> NOx-Emissionen: <\/span><\/td>\n<td>0,131 g\/Nm3 (0,087 g\/MJ)<\/td>\n<\/tr>\n<tr>\n<td><span class=\"table-bold\" style=\"color: #e1b834;\"> CxHy-Emissionen: <\/span><\/td>\n<td>0,005 g\/Nm3 (0,004 g\/MJ)<\/td>\n<\/tr>\n<tr>\n<td><span class=\"table-bold\" style=\"color: #e1b834;\"> Wirkungsgrad: <\/span><\/td>\n<td>86,7 %<\/td>\n<\/tr>\n<tr>\n<td><span class=\"table-bold\" style=\"color: #e1b834;\"> Gewicht: <\/span><\/td>\n<td>199 Kg<\/td>\n<\/tr>\n<\/tbody>\n<\/table>\n<p>[\/vc_column_text][vc_column_text]<\/p>\n<table class=\"table-box\">\n<tbody>\n<tr>\n<td><span class=\"table-bold\"> Maximale Temperatur am Ofenrohranschluss: <\/span><\/td>\n<td><span style=\"color: #e1b833;\">270 \u00b0C<\/span><\/td>\n<\/tr>\n<tr>\n<td><span class=\"table-bold\"> Mindestschornsteinzug bei Betriebstemperatur: <\/span><\/td>\n<td><span style=\"color: #e1b833;\">12 Pa<\/span><\/td>\n<\/tr>\n<\/tbody>\n<\/table>\n<p>[\/vc_column_text][vc_column_text]Das BF9 wurde vom <strong><span style=\"color: #e1b833;\">T\u00dcV Rheinland Deutschland<\/span><\/strong>, einem unabh\u00e4ngigen Pr\u00fcfer f\u00fcr Produktqualit\u00e4t und -sicherheit, getestet. Sie k\u00f6nnen den T\u00dcV-Bericht <a href=\"\/wp-content\/uploads\/TUV-Rheinland.pdf\"> hier herunterladen<\/a>.<\/p>\n<p>In unserer Bedienungsanleitung erfahren Sie alles, was Sie \u00fcber den Betrieb und die Verwendung des Ofens wissen m\u00fcssen. <a href=\"\/wp-content\/uploads\/Handleiding-Wilmont-BF-9-V1.3.pdf\">Sie k\u00f6nnen diese Anleitung hier herunterladen<\/a>.[\/vc_column_text][\/vc_column_inner][\/vc_row_inner][\/vc_column][\/vc_row][vc_row full_width=&#8220;stretch_row&#8220; content_placement=&#8220;middle&#8220; el_class=&#8220;wilmont-box&#8220; css=&#8220;.vc_custom_1670339092236{border-top-width: 5px !important;border-bottom-width: 5px !important;padding-top: 28px !important;padding-bottom: 80px !important;background-image: url(https:\/\/wilmontwoodstoves.com\/wp-content\/uploads\/Ontwerp-zonder-titel-10.png?id=679) !important;background-position: center !important;background-repeat: no-repeat !important;background-size: cover !important;border-top-color: #e1b833 !important;border-top-style: solid !important;border-bottom-color: #e1b833 !important;border-bottom-style: solid !important;}&#8220;][vc_column width=&#8220;1\/2&#8243;][vc_column_text]<\/p>\n<h3 style=\"text-align: center;\">Ein besonderer Ofen<\/h3>\n<p style=\"text-align: center;\">Am Kaminofen befinden sich spezielle Holzpufferrohre. Sie verleihen dem Kaminofen sein besonderes Aussehen. \u00dcber diese Rohre bef\u00fcllen Sie den Ofen. Die Holzscheite gelangen  nach und nach in die Brennkammer und verbrennen dort.<\/p>\n<p style=\"text-align: center;\">Die Rauchgase gelangen in die angrenzende Wirbelkammer und werden mit stark vorgew\u00e4rmter Luft vermischt. Das sorgt f\u00fcr eine sehr saubere Verbrennung und geringe Kohlenmonoxid-Emissionen.<\/p>\n<p style=\"text-align: center;\">Nicht nur der Ofen selbst, auch die Anheizmethode des Ofens ist etwas anders, als Sie es vielleicht gewohnt sind. Im Gegensatz zu anderen \u00d6fen m\u00fcssen Sie n\u00e4mlich nichts mehr tun, wenn der Ofen brennt. Er reguliert sich selbst.<\/p>\n<p style=\"text-align: center;\">Mehr dar\u00fcber k\u00f6nnen Sie in unserer <a href=\"\/wp-content\/uploads\/Handleiding-Wilmont-BF-9-V1.3.pdf\">Bedienungsanleitung<\/a> lesen.<br \/>\nUnd siehe auch die <a href=\"\/stookwijze\/\">Anheizanleitung<\/a>.<\/p>\n<p>[\/vc_column_text][\/vc_column][vc_column width=&#8220;1\/2&#8243;][vc_column_text]<\/p>\n<p style=\"text-align: center;\"><span style=\"color: #ffffff;\">Wie wird<\/span> <span style=\"color: #e1b834;\"><a style=\"color: #e1b834;\" href=\"\/stookwijze\/\"><strong>angeheizt<\/strong><\/a><\/span><span style=\"color: #ffffff;\">?<\/span><\/p>\n<p>[\/vc_column_text][vc_single_image image=&#8220;1602&#8243; img_size=&#8220;full&#8220; alignment=&#8220;right&#8220;][\/vc_column][\/vc_row][vc_row full_width=&#8220;stretch_row&#8220; el_class=&#8220;wilmont-box&#8220; css=&#8220;.vc_custom_1669736193232{border-top-width: 5px !important;border-bottom-width: 5px !important;padding-top: 80px !important;padding-bottom: 230px !important;background-image: url(https:\/\/wilmontwoodstoves.com\/wp-content\/uploads\/Schermafbeelding-2022-11-29-om-16.21.24.png?id=674) !important;background-position: center !important;background-repeat: no-repeat !important;background-size: cover !important;border-top-color: #e1b833 !important;border-top-style: solid !important;border-bottom-color: #e1b833 !important;border-bottom-style: solid !important;}&#8220;][vc_column width=&#8220;1\/2&#8243;][\/vc_column][vc_column width=&#8220;1\/2&#8243;][vc_column_text]<\/p>\n<h3 class=\"white-color\"><span style=\"color: #ffffff;\">Siehe auch den Wilmont<br \/>\nBIVAK Terrassenofen<\/span><\/h3>\n<h5><span style=\"color: #ffffff;\">EIN BESONDERES DESIGN<\/span><\/h5>\n<p><span style=\"color: #ffffff;\">Der Wilmont BIVAK ist ein stimmungsvoller, holzbefeuerter Terrassenofen mit einem sch\u00f6nen, einzigartigen Flammenbild und wunderbarer Strahlungsw\u00e4rme. Dank des innovativen Verbrennungssystems ist die Verbrennung nahezu vollst\u00e4ndig, die Abgase sind sauber, transparent und riechen nicht.<\/span>[\/vc_column_text][vc_btn title=&#8220;Design ansehen &#8220; el_class=&#8220;white-btn&#8220; link=&#8220;url:%2Fproduct%2Fwilmont-terraskachel%2F|title:Wilmont%20terraskachel&#8220;][\/vc_column][\/vc_row]<\/p>\n","protected":false},"excerpt":{"rendered":"<h3>Ein aussergew\u00f6hnlicher Ofen<\/h3>\n<p>Einzigartiges, industrielles Design. Ausgezeichneter Wirkungsgrad. Sehr saubere Verbrennung und hohe Benutzerfreundlichkeit: bis zu 8 Stunden Brenndauer ohne Nachlegen. Wir sind stolz auf diesen au\u00dfergew\u00f6hnlichen Kaminofen, der mit keinem anderen Holzofen verglichen werden kann.<\/p>\n<h4>\u20ac 8.200,-<\/h4>\n<p>Der Ofen ist in zwei Farben erh\u00e4ltlich:<\/p>\n<ul>\n<li>Anthrazitgrau<\/li>\n<li>Mattschwarz<\/li>\n<\/ul>\n<p>&nbsp;<\/p>\n","protected":false},"featured_media":1602,"comment_status":"closed","ping_status":"closed","template":"","meta":[],"product_brand":[],"product_cat":[42],"product_tag":[],"class_list":{"0":"post-1797","1":"product","2":"type-product","3":"status-publish","4":"has-post-thumbnail","6":"product_cat-geen-categorie-de","8":"first","9":"instock","10":"taxable","11":"shipping-taxable","12":"purchasable","13":"product-type-variable"},"_links":{"self":[{"href":"https:\/\/wilmontwoodstoves.com\/de\/wp-json\/wp\/v2\/product\/1797","targetHints":{"allow":["GET"]}}],"collection":[{"href":"https:\/\/wilmontwoodstoves.com\/de\/wp-json\/wp\/v2\/product"}],"about":[{"href":"https:\/\/wilmontwoodstoves.com\/de\/wp-json\/wp\/v2\/types\/product"}],"replies":[{"embeddable":true,"href":"https:\/\/wilmontwoodstoves.com\/de\/wp-json\/wp\/v2\/comments?post=1797"}],"wp:featuredmedia":[{"embeddable":true,"href":"https:\/\/wilmontwoodstoves.com\/de\/wp-json\/wp\/v2\/media\/1602"}],"wp:attachment":[{"href":"https:\/\/wilmontwoodstoves.com\/de\/wp-json\/wp\/v2\/media?parent=1797"}],"wp:term":[{"taxonomy":"product_brand","embeddable":true,"href":"https:\/\/wilmontwoodstoves.com\/de\/wp-json\/wp\/v2\/product_brand?post=1797"},{"taxonomy":"product_cat","embeddable":true,"href":"https:\/\/wilmontwoodstoves.com\/de\/wp-json\/wp\/v2\/product_cat?post=1797"},{"taxonomy":"product_tag","embeddable":true,"href":"https:\/\/wilmontwoodstoves.com\/de\/wp-json\/wp\/v2\/product_tag?post=1797"}],"curies":[{"name":"wp","href":"https:\/\/api.w.org\/{rel}","templated":true}]}}