{"id":1787,"date":"2022-03-15T09:48:54","date_gmt":"2022-03-15T09:48:54","guid":{"rendered":"https:\/\/wilmontwoodstoves.com\/product\/wilmont-terraskachel\/"},"modified":"2023-10-30T14:55:12","modified_gmt":"2023-10-30T14:55:12","slug":"wilmont-terrassenheizer","status":"publish","type":"product","link":"https:\/\/wilmontwoodstoves.com\/de\/produkt\/wilmont-terrassenheizer\/","title":{"rendered":"Wilmont BIVAK"},"content":{"rendered":"<p>[vc_row full_width=&#8220;stretch_row&#8220; css=&#8220;.vc_custom_1671030499269{padding-top: 65px !important;background: #ffffff url(https:\/\/wilmontwoodstoves.com\/wp-content\/uploads\/Ontwerp-zonder-titel-11-1.png?id=680) !important;background-position: center !important;background-repeat: no-repeat !important;background-size: cover !important;}&#8220; el_class=&#8220;black-color&#8220;][vc_column][vc_row_inner][vc_column_inner width=&#8220;1\/2&#8243;][vc_column_text]<\/p>\n<h3>Das Wilmont BIVAK<\/h3>\n<p>Auch beim Terrassenofen Bivak erkennen Sie die typischen Wilmont-Merkmale: Die lange Brenndauer durch den automatischen Holzzufuhr und die saubere, rauchfreie Verbrennung durch das Nachverbrennungsprinzip. Der Holzvorrat befindet sich in einem nach au\u00dfen kippbaren Scheitholzfach, das mit der Hauptbrennkammer eine Einheit bildet. Das Holzfach wird mit Holzscheite bef\u00fcllt; mit einer F\u00fcllung brennt der Bivak ca. 2 Stunden lang.<\/p>\n<p>Im Holzfach befindet sich eine herausnehmbare Ascheschublade zur bequemen und sauberen Ascheentsorgung.<br \/>\n[\/vc_column_text][\/vc_column_inner][vc_column_inner width=&#8220;1\/2&#8243;][vc_column_text]<\/p>\n<h4>Stimmungsvoll &#038; praktisch<\/h4>\n<p>[\/vc_column_text][vc_video link=&#8220;https:\/\/vimeo.com\/425064770&#8243;][\/vc_column_inner][\/vc_row_inner][vc_column_text el_class=&#8220;center&#8220;]<a href=\"#product-table\"> <img decoding=\"async\" src=\"\/wp-content\/uploads\/icon-down-black.svg\" alt=\"\"> <\/a>[\/vc_column_text][\/vc_column][\/vc_row][vc_row full_width=&#8220;stretch_row&#8220; el_id=&#8220;product-table&#8220; css=&#8220;.vc_custom_1661346841141{padding-top: 80px !important;padding-bottom: 90px !important;}&#8220;][vc_column][vc_row_inner][vc_column_inner width=&#8220;1\/3&#8243;][vc_single_image image=&#8220;1502&#8243; img_size=&#8220;full&#8220;][\/vc_column_inner][vc_column_inner width=&#8220;2\/3&#8243;][vc_column_text]<\/p>\n<h3>TECHNISCHE BESCHREIBUNG<\/h3>\n<p>[\/vc_column_text][vc_column_text]Die Nachverbrennungskammer ist an 2 Seiten verglast \u2013 somit ist das Feuer sch\u00f6n zu sehen. Das Glas kann einfach herausgenommen werden und ist daher leicht zu reinigen.<br \/>\nAlle Scheiben sind mit Scheibenwaschluft ausgestattet und bleiben sauber.<\/p>\n<p>Wenn der Bivak gut auf Temperatur ist, wird der untere Teil des Schornsteinrohrs rotgl\u00fchend, manchmal bis knapp unter der Abdeckplatte. In Kombination mit dem Flammenspiel in der Wirbelkammer und dem Feuer im Holzfach ergibt sich einen sch\u00f6nen Effekt, vor allem im Dunkeln.<br \/>\n[\/vc_column_text][vc_column_text]<\/p>\n<h3>Hohe Qualit\u00e4t<\/h3>\n<p>[\/vc_column_text][vc_column_text]Der Ofen ist von hoher Qualit\u00e4t und besteht aus Edelstahl und verzinktem Stahl, so dass der Ofen nicht rostet und keine Rostflecken auf der Terrasse hinterl\u00e4sst. <\/p>\n<p>Die optionale Grillplatte besteht aus 2 Teilen, ist einfach zu platzieren und passt in die Sp\u00fclmaschine. Um eine optimale W\u00e4rmeleitung zu erzielen, wurde die Grillplatte aus Stahl gefertigt; es sollte daher trocken aufbewahrt werden.<\/p>\n<p>In unserer Bedienungsanleitung erfahren Sie alles, was Sie \u00fcber den Betrieb und die Verwendung des Ofens wissen m\u00fcssen. <a href=\"\/wp-content\/uploads\/Handleiding-WILMONT-BIVAK-1.4.pdf\">Sie k\u00f6nnen diese Anleitung hier herunterladen.<\/a>[\/vc_column_text][\/vc_column_inner][\/vc_row_inner][\/vc_column][\/vc_row][vc_row css=&#8220;.vc_custom_1673602189565{margin-top: -92px !important;}&#8220;][vc_column][vc_column_text]<\/p>\n<h3>Benutzerfreundlichkeit<\/h3>\n<p>[\/vc_column_text][vc_row_inner][vc_column_inner width=&#8220;1\/2&#8243;][vc_video link=&#8220;https:\/\/www.youtube.com\/watch?v=g1FoVCu2BDI&#8220;][\/vc_column_inner][vc_column_inner width=&#8220;1\/2&#8243;][vc_video link=&#8220;https:\/\/www.youtube.com\/watch?v=z81HJT6aZqg&#8220;][\/vc_column_inner][\/vc_row_inner][vc_empty_space height=&#8220;64px&#8220;][\/vc_column][\/vc_row][vc_row full_width=&#8220;stretch_row&#8220; el_class=&#8220;wilmont-box&#8220; css=&#8220;.vc_custom_1669128288992{border-top-width: 5px !important;border-bottom-width: 5px !important;padding-top: 25px !important;padding-bottom: 25px !important;background-image: url(https:\/\/wilmontwoodstoves.com\/wp-content\/uploads\/woodstove@2x.jpg?id=490) !important;background-position: center !important;background-repeat: no-repeat !important;background-size: cover !important;border-top-color: #e1b833 !important;border-top-style: solid !important;border-bottom-color: #e1b833 !important;border-bottom-style: solid !important;}&#8220;][vc_column width=&#8220;1\/2&#8243; css=&#8220;.vc_custom_1669128313172{margin-bottom: 50px !important;}&#8220;][vc_column_text]<\/p>\n<h3 class=\"white-color\">Siehe auch den Wilmont Holzofen<\/h3>\n<h5>EIN BESONDERES DESIGN<\/h5>\n<p>Der Wilmont-Kaminofen ist ein einzigartig konzipierter Holzofen mit speziellen Pufferrohren, die das Holz lagern und automatisch Zufuhren. Auf der Hauptbrennkammer sind drei Pufferrohren angeordnet. Diese verleihen dem Wilmont-Holzofen sein einzigartiges Aussehen. Die Zufuhr von Holzscheiten in das Feuer erfolgt auf nat\u00fcrliche Weise; ohne Regulierung, ohne empfindliche Technik oder bewegliche Teile und nicht zuletzt ohne dass Sie etwas tun m\u00fcssen, nachdem Sie die Pufferr\u00f6hren mit Holz aufgef\u00fcllt haben tun zu m\u00fcssen<\/p>\n<p><strong>Dies gew\u00e4hrleistet eine optimale Verbrennung der Flamme.<\/strong><\/p>\n<p><a href=\"https:\/\/wilmontwoodstoves.com\/de\/produkt\/wilmont-holzofen\/\">Mehr lesen &gt;&gt;<\/a>[\/vc_column_text][vc_btn title=&#8220;Ansicht Design&#8220; el_class=&#8220;white-btn&#8220; link=&#8220;url:https%3A%2F%2Fwilmontwoodstoves.com%2Fde%2Fprodukt%2Fwilmont-holzofen%2F|title:Wilmont%20Holzofen|&#8220;][\/vc_column][vc_column width=&#8220;1\/2&#8243;][\/vc_column][\/vc_row]<\/p>\n","protected":false},"excerpt":{"rendered":"<h3>Einzigartiges design<\/h3>\n<p>Der Wilmont BIVAK ist ein stimmungsvoller, holzbefeuerter Terrassenofen mit einem wundersch\u00f6nen, einzigartigen Flammenbild und einer wunderbaren Strahlungsw\u00e4rme.<\/p>\n<p>Dank des innovativen Verbrennungssystems ist die Verbrennung nahezu vollst\u00e4ndig, die Rauchgase sind sauber und transparent und riechen nicht. So k\u00f6nnen Sie auf Ihrer Terrasse ein gem\u00fctliches Feuer brennen lassen, ohne sich und Ihre Nachbarn dem Rauch auszusetzen.<\/p>\n<p>Der Kaminofen ist von hoher Qualit\u00e4t, besteht aus Edelstahl und verzinktem Stahl, so dass er nicht rostet und keine Rostflecken auf der Terrasse hinterl\u00e4sst. Ein weiteres besonderes Merkmal ist, dass die Abdeckplatte gegen eine Grillplatte ausgetauscht werden kann. So k\u00f6nnen Sie sich am Feuer erfreuen, die W\u00e4rme genie\u00dfen und eine leckere Mahlzeit zubereiten.<\/p>\n","protected":false},"featured_media":1438,"comment_status":"closed","ping_status":"closed","template":"","meta":[],"product_brand":[],"product_cat":[42],"product_tag":[],"class_list":{"0":"post-1787","1":"product","2":"type-product","3":"status-publish","4":"has-post-thumbnail","6":"product_cat-geen-categorie-de","8":"first","9":"instock","10":"taxable","11":"shipping-taxable","12":"purchasable","13":"product-type-simple"},"_links":{"self":[{"href":"https:\/\/wilmontwoodstoves.com\/de\/wp-json\/wp\/v2\/product\/1787","targetHints":{"allow":["GET"]}}],"collection":[{"href":"https:\/\/wilmontwoodstoves.com\/de\/wp-json\/wp\/v2\/product"}],"about":[{"href":"https:\/\/wilmontwoodstoves.com\/de\/wp-json\/wp\/v2\/types\/product"}],"replies":[{"embeddable":true,"href":"https:\/\/wilmontwoodstoves.com\/de\/wp-json\/wp\/v2\/comments?post=1787"}],"wp:featuredmedia":[{"embeddable":true,"href":"https:\/\/wilmontwoodstoves.com\/de\/wp-json\/wp\/v2\/media\/1438"}],"wp:attachment":[{"href":"https:\/\/wilmontwoodstoves.com\/de\/wp-json\/wp\/v2\/media?parent=1787"}],"wp:term":[{"taxonomy":"product_brand","embeddable":true,"href":"https:\/\/wilmontwoodstoves.com\/de\/wp-json\/wp\/v2\/product_brand?post=1787"},{"taxonomy":"product_cat","embeddable":true,"href":"https:\/\/wilmontwoodstoves.com\/de\/wp-json\/wp\/v2\/product_cat?post=1787"},{"taxonomy":"product_tag","embeddable":true,"href":"https:\/\/wilmontwoodstoves.com\/de\/wp-json\/wp\/v2\/product_tag?post=1787"}],"curies":[{"name":"wp","href":"https:\/\/api.w.org\/{rel}","templated":true}]}}