{"id":1940,"date":"2023-11-08T12:10:28","date_gmt":"2023-11-08T12:10:28","guid":{"rendered":"https:\/\/wilmontwoodstoves.com\/design-gartenofen\/"},"modified":"2023-11-08T12:40:36","modified_gmt":"2023-11-08T12:40:36","slug":"design-gartenofen","status":"publish","type":"page","link":"https:\/\/wilmontwoodstoves.com\/de\/design-gartenofen\/","title":{"rendered":"Design-Gartenofen"},"content":{"rendered":"<p>[vc_row][vc_column][vc_empty_space][\/vc_column][\/vc_row][vc_row full_width=&#8220;stretch_row&#8220; content_placement=&#8220;middle&#8220; css=&#8220;.vc_custom_1671458281592{padding-bottom: 90px !important;}&#8220;][vc_column width=&#8220;1\/2&#8243;][vc_column_text]<\/p>\n<h2>Einzigartiger Designer-Gartenofen von Wilmont Woodstoves<\/h2>\n<p>Wenn Sie einen Gartenofen f\u00fcr Ambiente und W\u00e4rme in Ihrem Garten oder auf Ihrer Veranda suchen, dann wissen Sie, dass Sie mit einem Designer-Gartenofen von Wilmont Woodstoves garantiert viel Freude an einem sch\u00f6nen knisternden Holzfeuer haben werden. Der Designer-Gartenofen Wilmont ist ein wahres Schmuckst\u00fcck f\u00fcr Ihren Au\u00dfenbereich. Wenn Sie sich nach stilvollem Genuss und gem\u00fctlichen Abenden rund um eine heitere Flamme sehnen, ohne dass Sie durch Brandgeruch und\/oder Rauch gest\u00f6rt werden, dann ist der Designer-Gartenofen von Wilmont Woodstoves genau der richtige Ofen f\u00fcr Sie. Wir stellen alle unsere Garten\u00f6fen von Hand her. Auf diese Weise haben wir die Qualit\u00e4t immer voll unter Kontrolle. Die exklusiven und handgefertigten Designer-Garten\u00f6fen, die Sie bei uns online kaufen k\u00f6nnen, werden sich nahtlos an Ihre W\u00fcnsche f\u00fcr ein modernes Leben im Freien anpassen.<br \/>\n[\/vc_column_text][vc_column_text]<\/p>\n<h2>Handwerkskunst pur<\/h2>\n<p>Unser Designer-Gartenofen ist das sch\u00f6ne Ergebnis von handwerklichem K\u00f6nnen und gro\u00dfer Hingabe. Unsere erfahrenen Handwerker stellen jeden von uns gelieferten Designer-Gartenofen vollst\u00e4ndig von Hand her. Dabei streben wir nach Perfektion bis hin zu den kleinsten Details. Deshalb bieten wir Ihnen einen Gartenofen, der Generationen \u00fcberdauern wird. Und darauf sind wir stolz!<br \/>\n[\/vc_column_text][\/vc_column][vc_column width=&#8220;1\/2&#8243;][vc_single_image image=&#8220;1606&#8243; img_size=&#8220;full&#8220; alignment=&#8220;center&#8220;][\/vc_column][\/vc_row][vc_row full_width=&#8220;stretch_row&#8220; el_class=&#8220;woodstove-map woodstove-map-right&#8220; css=&#8220;.vc_custom_1671460085459{padding-top: 50px !important;padding-bottom: 45px !important;background: #ffffff url(https:\/\/wilmontwoodstoves.com\/wp-content\/uploads\/Ontwerp-zonder-titel-11-1.png?id=680) !important;background-position: center !important;background-repeat: no-repeat !important;background-size: cover !important;}&#8220;][vc_column][vc_row_inner equal_height=&#8220;yes&#8220; content_placement=&#8220;middle&#8220;][vc_column_inner width=&#8220;5\/12&#8243;][vc_column_text]<a href=\"https:\/\/wilmontwoodstoves.com\/wp-content\/uploads\/wilmont-csteffioberhauser11-1.jpg\"><img decoding=\"async\" class=\"alignnone size-medium wp-image-969\" src=\"https:\/\/wilmontwoodstoves.com\/wp-content\/uploads\/wilmont-csteffioberhauser11-1-200x300.jpg\" alt=\"Designer-Gartenkamin\" width=\"100%\" height=\"auto\" srcset=\"https:\/\/wilmontwoodstoves.com\/wp-content\/uploads\/wilmont-csteffioberhauser11-1-200x300.jpg 200w, https:\/\/wilmontwoodstoves.com\/wp-content\/uploads\/wilmont-csteffioberhauser11-1-683x1024.jpg 683w, https:\/\/wilmontwoodstoves.com\/wp-content\/uploads\/wilmont-csteffioberhauser11-1-167x250.jpg 167w, https:\/\/wilmontwoodstoves.com\/wp-content\/uploads\/wilmont-csteffioberhauser11-1.jpg 720w\" sizes=\"(max-width: 200px) 100vw, 200px\" \/><\/a>[\/vc_column_text][\/vc_column_inner][vc_column_inner width=&#8220;7\/12&#8243;][vc_column_text]<\/p>\n<h2>Was zeichnet unseren Designer-Gartenofen aus?<\/h2>\n<p>Was zeichnet den Luxus-Design-Gartenofen von Wilmont Woodstoves aus und was unterscheidet ihn von anderen Garten\u00f6fen?<\/p>\n<ul>\n<li>Exklusivit\u00e4t: Wir stellen unsere Garten\u00f6fen vollst\u00e4ndig von Hand her. So k\u00f6nnen Sie sicher sein, dass Sie immer einen einzigartigen Gartenofen in Ihrem Garten haben werden.<\/li>\n<li>Geruchs- und rauchfrei: Einer der gr\u00f6\u00dften Vorteile unseres Design-Gartenofens ist, dass er keine l\u00e4stigen Ger\u00fcche und keinen Rauch erzeugt. So k\u00f6nnen Sie die W\u00e4rme und das stimmungsvolle Holzfeuer in vollen Z\u00fcgen genie\u00dfen, ohne die Unannehmlichkeiten, die bei herk\u00f6mmlichen Garten\u00f6fen auftreten k\u00f6nnen.<\/li>\n<li>Modernes Design: Der Designer-Gartenofen von Wilmont Woodstoves ist nach einem v\u00f6llig einzigartigen zeitgen\u00f6ssischen Design gefertigt. Dadurch f\u00fcgt er sich nahtlos in eine Vielzahl von Au\u00dfenbereichen ein.<\/li>\n<\/ul>\n<p>[\/vc_column_text][vc_column_text]<\/p>\n<h2>Fordern Sie ein Angebot f\u00fcr Ihren Designer-Gartenofen an<\/h2>\n<p>Der Kauf eines Wilmont Designer-Gartenofens ist sicherlich nicht schwierig. Sie kaufen es direkt in unserem Webshop. Mit wenigen Klicks haben Sie Ihr bevorzugtes Kaminofenmodell ausgew\u00e4hlt, das Sie sich nach Hause liefern lassen k\u00f6nnen. Kurzum: Mit unserem Designer-Holzofen haben Sie keinen \u00c4rger und keinen Stress, sondern einfach nur Freude und Komfort. Sie k\u00f6nnen auch zun\u00e4chst einen Kostenvoranschlag f\u00fcr den Gartenherd anfordern. Dann k\u00f6nnen Sie sp\u00e4ter entscheiden, ob Sie den Gartenherd tats\u00e4chlich kaufen wollen. Klicken Sie in diesem Fall auf die Schaltfl\u00e4che &#8222;Angebot anfordern&#8220; und f\u00fcllen Sie das Anfrageformular aus. Sie werden den Kostenvoranschlag sehr schnell erhalten. [\/vc_column_text][\/vc_column_inner][\/vc_row_inner][\/vc_column][\/vc_row][vc_row full_width=&#8220;stretch_row&#8220; content_placement=&#8220;middle&#8220; el_class=&#8220;wilmont-box&#8220; css=&#8220;.vc_custom_1671459269853{border-top-width: 5px !important;border-bottom-width: 5px !important;padding-top: 28px !important;padding-bottom: 80px !important;background-image: url(https:\/\/wilmontwoodstoves.com\/wp-content\/uploads\/Hout-groot-1.png?id=726) !important;background-position: center !important;background-repeat: no-repeat !important;background-size: cover !important;border-top-color: #e1b833 !important;border-top-style: solid !important;border-bottom-color: #e1b833 !important;border-bottom-style: solid !important;}&#8220;][vc_column width=&#8220;1\/2&#8243;][\/vc_column][vc_column width=&#8220;1\/2&#8243;][vc_column_text]<\/p>\n<h2>Handwerkskunst pur<\/h2>\n<p>Unser Designer-Gartenofen ist das sch\u00f6ne Ergebnis von handwerklichem K\u00f6nnen und gro\u00dfer Hingabe. Unsere erfahrenen Handwerker stellen jeden von uns gelieferten Designer-Gartenofen vollst\u00e4ndig von Hand her. Dabei streben wir nach Perfektion bis hin zu den kleinsten Details. Deshalb bieten wir Ihnen einen Gartenofen, der Generationen \u00fcberdauern wird. Und darauf sind wir stolz!<\/p>\n<h2>Wahrhaft einzigartiger Gartenofen<\/h2>\n<p>Der Designer-Gartenofen Wilmont ist ein einzigartiger, stimmungsvoller, holzbefeuerter Gartenofen, der ein sch\u00f6nes Flammenbild und eine herrliche Strahlungsw\u00e4rme bietet. Dank des innovativen Verbrennungssystems dieses Gartenofens erfolgt die Holzverbrennung zu fast 100 % ohne l\u00e4stigen Rauch oder unangenehmen Brandgeruch, der in die Kleidung gelangt. So k\u00f6nnen Sie Abend f\u00fcr Abend ein herrlich brennendes Holzfeuer auf Ihrer Terrasse genie\u00dfen, ohne sich Sorgen machen zu m\u00fcssen. Der Designer-Gartenofen Wilmont sorgt garantiert f\u00fcr ein einzigartiges Stimmungserlebnis in Ihrem Garten. Und ob Fr\u00fchling, Sommer, Herbst oder Winter: Dieser Gartenofen bietet immer eine besondere Atmosph\u00e4re, die das Essen oder Trinken mit Freunden und Familie zu einem Fest macht.<br \/>\n[\/vc_column_text][\/vc_column][\/vc_row][vc_row full_width=&#8220;stretch_row&#8220; el_class=&#8220;woodstove-map woodstove-map-right&#8220; css=&#8220;.vc_custom_1673951036627{padding-top: 50px !important;padding-bottom: 45px !important;background: #000000 url(https:\/\/wilmontwoodstoves.com\/wp-content\/uploads\/vuurhand-2.png?id=750) !important;background-position: center !important;background-repeat: no-repeat !important;background-size: cover !important;}&#8220;][vc_column][vc_row_inner equal_height=&#8220;yes&#8220; content_placement=&#8220;middle&#8220;][vc_column_inner width=&#8220;5\/12&#8243;][vc_column_text]<\/p>\n<h2>Beste Qualit\u00e4t<\/h2>\n<p><span style=\"color: #ffffff;\"><br \/>\nUnser Designer-Gartenofen besteht nur aus hochwertigen Materialien. Sie k\u00f6nnen unter anderem an rostfreien Stahl und verzinkten Stahl denken. Rost ist daher kein Thema. Wussten Sie, dass Sie die Oberseite des Gartenofens als Backblech verwenden k\u00f6nnen? So wird der kulinarische und gem\u00fctliche Genuss dieses Designer-Gartenofens zu etwas, das Sie oft nutzen werden.<br \/>\n.<\/span>[\/vc_column_text][\/vc_column_inner][vc_column_inner width=&#8220;7\/12&#8243;][vc_single_image image=&#8220;1628&#8243; img_size=&#8220;full&#8220; alignment=&#8220;center&#8220;][\/vc_column_inner][\/vc_row_inner][vc_row_inner][vc_column_inner width=&#8220;1\/4&#8243;][\/vc_column_inner][vc_column_inner width=&#8220;3\/4&#8243;][vc_column_text]<\/p>\n<h2>Typische Merkmale von Wilmont Holz\u00f6fen<\/h2>\n<p><span style=\"color: #ffffff;\"><br \/>\nJeder Designer-Gartenofen, den Sie bei uns kaufen k\u00f6nnen, hat besondere Eigenschaften. Der Gartenofen bietet dem Benutzer dank des praktisch ausgestatteten Holzfachs eine sehr lange Brenndauer. Dank des innovativen Nachverbrennungsprinzips dieses Ofens ist die Holzverbrennung rauchfrei. Die Holzscheite werden kreuzweise in das Holzfach gelegt, so dass Sie mindestens zwei Stunden lang ein gem\u00fctliches und gut brennendes Feuer genie\u00dfen k\u00f6nnen.<\/span><\/p>\n<h2>Entdecken Sie den Luxus eines Designer-Gartenofens von Wilmont<\/h2>\n<p><span style=\"color: #ffffff;\"><br \/>\nIn unserem Designer-Gartenofen erkennen Sie die typischen Merkmale von Wilmont Woodstoves. Diese Luxusmerkmale sind also die bereits erw\u00e4hnte sehr lange Brenndauer und die rauchfreie Verbrennung von Holz durch das innovative Nachbrennerprinzip. Der Holzvorrat des Gartenofens befindet sich in einem nach au\u00dfen kippbaren Holzfach, das mit der Hauptbrennkammer eine Einheit bildet. Die Holzscheite werden ebenfalls quer in das Holzfach gelegt, so dass der Gartenofen mit einer Holzf\u00fcllung mindestens zwei Stunden lang brennt. Im Holzfach befindet sich auch eine Ascheschublade, die man bequem herausnehmen kann, um die Asche einfach zu entfernen.<\/span><br \/>\n[\/vc_column_text][vc_btn title=&#8220;Ansicht Holzofen&#8220; css=&#8220;.vc_custom_1673950841301{margin-bottom: 35px !important;}&#8220; link=&#8220;url:https%3A%2F%2Fwilmontwoodstoves.com%2Fde%2Fprodukt%2Fwilmont-holzofen%2F|title:Wilmont%20Holzofen|&#8220; el_class=&#8220;white-buttone&#8220;][\/vc_column_inner][\/vc_row_inner][vc_row_inner][vc_column_inner width=&#8220;1\/4&#8243;][\/vc_column_inner][vc_column_inner width=&#8220;3\/4&#8243;][vc_column_text]<\/p>\n<h2>Kontaktieren Sie Wilmont Woodstoves direkt<\/h2>\n<p><span style=\"color: #ffffff;\"><br \/>\nM\u00f6chten Sie mehr Informationen \u00fcber den Designer-Gartenofen Wilmont Woodstoves erhalten oder sind Sie neugierig auf seine Verwendung und M\u00f6glichkeiten? Wenn ja, k\u00f6nnen Sie sich gerne an uns wenden. Sie k\u00f6nnen uns unter <a href=\"tel:0628718800\">06 28 71 88 00<\/a> anrufen und eine E-Mail an <a href=\"info@wilmontwoodstoves.com\">info@wilmontwoodstoves.com<\/a> senden. Wir beantworten gerne alle Ihre Fragen und helfen Ihnen bei der Auswahl des perfekten Designer-Gartenofens f\u00fcr wunderbare, unbeschwerte Abende bei Ihnen zu Hause.<br \/>\n<\/span>[\/vc_column_text][vc_btn title=&#8220;Mehr lesen&#8220; el_class=&#8220;white-buttone&#8220; link=&#8220;url:https%3A%2F%2Fwilmontwoodstoves.com%2Fde%2Fueber-wilmont%2F|title:%C3%9Cber%20Wilmont|&#8220;][\/vc_column_inner][\/vc_row_inner][\/vc_column][\/vc_row]<\/p>\n","protected":false},"excerpt":{"rendered":"<p>[vc_row][vc_column][vc_empty_space][\/vc_column][\/vc_row][vc_row full_width=&#8220;stretch_row&#8220; content_placement=&#8220;middle&#8220; css=&#8220;.vc_custom_1671458281592{padding-bottom: 90px !important;}&#8220;][vc_column width=&#8220;1\/2&#8243;][vc_column_text] Einzigartiger Designer-Gartenofen von Wilmont Woodstoves Wenn Sie einen Gartenofen f\u00fcr Ambiente und W\u00e4rme&#8230;<\/p>\n","protected":false},"author":1,"featured_media":0,"parent":0,"menu_order":0,"comment_status":"closed","ping_status":"closed","template":"","meta":{"footnotes":""},"class_list":["post-1940","page","type-page","status-publish","hentry"],"_links":{"self":[{"href":"https:\/\/wilmontwoodstoves.com\/de\/wp-json\/wp\/v2\/pages\/1940","targetHints":{"allow":["GET"]}}],"collection":[{"href":"https:\/\/wilmontwoodstoves.com\/de\/wp-json\/wp\/v2\/pages"}],"about":[{"href":"https:\/\/wilmontwoodstoves.com\/de\/wp-json\/wp\/v2\/types\/page"}],"author":[{"embeddable":true,"href":"https:\/\/wilmontwoodstoves.com\/de\/wp-json\/wp\/v2\/users\/1"}],"replies":[{"embeddable":true,"href":"https:\/\/wilmontwoodstoves.com\/de\/wp-json\/wp\/v2\/comments?post=1940"}],"version-history":[{"count":3,"href":"https:\/\/wilmontwoodstoves.com\/de\/wp-json\/wp\/v2\/pages\/1940\/revisions"}],"predecessor-version":[{"id":1943,"href":"https:\/\/wilmontwoodstoves.com\/de\/wp-json\/wp\/v2\/pages\/1940\/revisions\/1943"}],"wp:attachment":[{"href":"https:\/\/wilmontwoodstoves.com\/de\/wp-json\/wp\/v2\/media?parent=1940"}],"curies":[{"name":"wp","href":"https:\/\/api.w.org\/{rel}","templated":true}]}}