{"id":1929,"date":"2023-11-08T11:14:29","date_gmt":"2023-11-08T11:14:29","guid":{"rendered":"https:\/\/wilmontwoodstoves.com\/?page_id=1929"},"modified":"2023-11-08T12:04:14","modified_gmt":"2023-11-08T12:04:14","slug":"design-terraskachel","status":"publish","type":"page","link":"https:\/\/wilmontwoodstoves.com\/de\/design-terraskachel\/","title":{"rendered":"Design-Terraskachel"},"content":{"rendered":"<p>[vc_row][vc_column][vc_empty_space][\/vc_column][\/vc_row][vc_row full_width=&#8220;stretch_row&#8220; content_placement=&#8220;middle&#8220; css=&#8220;.vc_custom_1671458281592{padding-bottom: 90px !important;}&#8220;][vc_column width=&#8220;1\/2&#8243;][vc_column_text]<\/p>\n<p>Wenn Sie auf der Suche nach einem Terrassenofen sind, der W\u00e4rme und Atmosph\u00e4re in Ihren Garten oder auf Ihre Veranda bringt, dann ist der Designer-Terrassenofen von Wilmont Woodstoves die perfekte L\u00f6sung f\u00fcr Sie. Mit diesem handgefertigten Terrassenofen k\u00f6nnen Sie ein knisterndes Holzfeuer ohne unangenehme Ger\u00fcche oder Rauch genie\u00dfen, was Ihre Terrasse sehr lebendig und stimmungsvoll macht. Dieser einzigartige Designer-Terrassenofen von Wilmont Woodstoves f\u00fcgt sich nahtlos in den modernen Lebensstil ein. Im Folgenden k\u00f6nnen Sie mehr dar\u00fcber lesen. Kennen Sie schon unseren hochwertigen Terrassenofen? Dann k\u00f6nnen Sie ihn auch direkt in unserem Webshop bestellen.[\/vc_column_text][vc_column_text]<\/p>\n<h2>Handwerkliche Perfektion<\/h2>\n<p>Ein Designer-Terrassenheizer von Wilmont ist das Ergebnis von handwerklichem Geschick und Hingabe. Unsere erfahrenen Handwerker stellen jeden Terrassenheizer vollst\u00e4ndig von Hand her und achten dabei auch auf die kleinsten Details. Dies garantiert Ihnen einen langlebigen Terrassenheizer, der Generationen \u00fcberdauern wird. Und darauf sind wir sehr stolz.[\/vc_column_text][\/vc_column][vc_column width=&#8220;1\/2&#8243;][vc_single_image image=&#8220;1606&#8243; img_size=&#8220;full&#8220; alignment=&#8220;center&#8220;][\/vc_column][\/vc_row][vc_row full_width=&#8220;stretch_row&#8220; el_class=&#8220;woodstove-map woodstove-map-right&#8220; css=&#8220;.vc_custom_1671460085459{padding-top: 50px !important;padding-bottom: 45px !important;background: #ffffff url(https:\/\/wilmontwoodstoves.com\/wp-content\/uploads\/Ontwerp-zonder-titel-11-1.png?id=680) !important;background-position: center !important;background-repeat: no-repeat !important;background-size: cover !important;}&#8220;][vc_column][vc_row_inner equal_height=&#8220;yes&#8220; content_placement=&#8220;middle&#8220;][vc_column_inner width=&#8220;5\/12&#8243;][vc_column_text]<a href=\"https:\/\/wilmontwoodstoves.com\/wp-content\/uploads\/wilmont-csteffioberhauser11-1.jpg\"><img decoding=\"async\" class=\"alignnone size-medium wp-image-969\" src=\"https:\/\/wilmontwoodstoves.com\/wp-content\/uploads\/wilmont-csteffioberhauser11-1-200x300.jpg\" alt=\"design tuinhaar\" width=\"100%\" height=\"auto\" srcset=\"https:\/\/wilmontwoodstoves.com\/wp-content\/uploads\/wilmont-csteffioberhauser11-1-200x300.jpg 200w, https:\/\/wilmontwoodstoves.com\/wp-content\/uploads\/wilmont-csteffioberhauser11-1-683x1024.jpg 683w, https:\/\/wilmontwoodstoves.com\/wp-content\/uploads\/wilmont-csteffioberhauser11-1-167x250.jpg 167w, https:\/\/wilmontwoodstoves.com\/wp-content\/uploads\/wilmont-csteffioberhauser11-1.jpg 720w\" sizes=\"(max-width: 200px) 100vw, 200px\" \/><\/a>[\/vc_column_text][\/vc_column_inner][vc_column_inner width=&#8220;7\/12&#8243;][vc_column_text]<\/p>\n<h2>Was macht unsere Designer-Terrassenheizung so besonders?<\/h2>\n<p>Unser luxuri\u00f6ser Designer-Terrassenheizer zeichnet sich in mehreren Bereichen aus. Wir haben sie unten f\u00fcr Sie aufgelistet:<\/p>\n<ul>\n<li>Exklusivit\u00e4t: Jeder einzelne Designer-Terrassenheizer wird von Hand gefertigt, so dass Sie immer einen einzigartigen Terrassenheizer besitzen werden.<\/li>\n<li>Geruchsfrei und rauchfrei: Der Designer-Terrassenofen von Wilmont Woodstoves produziert keine l\u00e4stigen Ger\u00fcche oder Rauch, so dass Sie die W\u00e4rme und die Flammen in vollen Z\u00fcgen genie\u00dfen k\u00f6nnen, ohne die Nachteile, die herk\u00f6mmliche Terrassen\u00f6fen manchmal haben.<\/li>\n<li>Modernes Design: Das zeitgem\u00e4\u00dfe Design des Designer-Terrassenofens von Wilmont Woodstoves passt perfekt zu einer Vielzahl von Au\u00dfenbereichen in unterschiedlichen Stilrichtungen.<\/li>\n<\/ul>\n<p>[\/vc_column_text][\/vc_column_inner][\/vc_row_inner][\/vc_column][\/vc_row][vc_row full_width=&#8220;stretch_row&#8220; content_placement=&#8220;middle&#8220; el_class=&#8220;wilmont-box&#8220; css=&#8220;.vc_custom_1671459269853{border-top-width: 5px !important;border-bottom-width: 5px !important;padding-top: 28px !important;padding-bottom: 80px !important;background-image: url(https:\/\/wilmontwoodstoves.com\/wp-content\/uploads\/Hout-groot-1.png?id=726) !important;background-position: center !important;background-repeat: no-repeat !important;background-size: cover !important;border-top-color: #e1b833 !important;border-top-style: solid !important;border-bottom-color: #e1b833 !important;border-bottom-style: solid !important;}&#8220;][vc_column width=&#8220;1\/2&#8243;][\/vc_column][vc_column width=&#8220;1\/2&#8243;][vc_column_text]<\/p>\n<h2>Handwerkliche Perfektion\/h2&gt;<br \/>\nEin Designer-Terrassenheizer von Wilmont ist das Ergebnis von handwerklichem Geschick und Hingabe. Unsere erfahrenen Handwerker stellen jeden Terrassenheizer vollst\u00e4ndig von Hand her und achten dabei auch auf die kleinsten Details. Dies garantiert Ihnen einen langlebigen Terrassenheizer, der Generationen \u00fcberdauern wird. Und darauf sind wir sehr stolz.<\/h2>\n<h2>Ein wirklich einzigartiger Terrassenheizer<\/h2>\n<p>Der Wilmont Designer-Terrassenofen bietet ein einzigartiges, stimmungsvolles Erlebnis mit sch\u00f6nen Flammen und Strahlungsw\u00e4rme im Holzfeuer. Dank seines innovativen Verbrennungssystems entwickelt er so gut wie keinen Rauch oder st\u00f6renden Geruch, sodass Sie das knisternde Holzfeuer Nacht f\u00fcr Nacht sorgenfrei genie\u00dfen k\u00f6nnen. Der Terrassenofen schafft unabh\u00e4ngig von der Jahreszeit eine einzigartige Atmosph\u00e4re in Ihrem Garten und macht das Beisammensein mit Freunden und Familie immer zu einem festlichen Ereignis.[\/vc_column_text][\/vc_column][\/vc_row][vc_row full_width=&#8220;stretch_row&#8220; el_class=&#8220;woodstove-map woodstove-map-right&#8220; css=&#8220;.vc_custom_1673951036627{padding-top: 50px !important;padding-bottom: 45px !important;background: #000000 url(https:\/\/wilmontwoodstoves.com\/wp-content\/uploads\/vuurhand-2.png?id=750) !important;background-position: center !important;background-repeat: no-repeat !important;background-size: cover !important;}&#8220;][vc_column][vc_row_inner equal_height=&#8220;yes&#8220; content_placement=&#8220;middle&#8220;][vc_column_inner width=&#8220;5\/12&#8243;][vc_column_text]<\/p>\n<h2>Hochwertige Materialien<\/h2>\n<p><span style=\"color: #ffffff;\"><br \/>\nUnser Designer-Terrassenofen ist aus hochwertigen Materialien wie Edelstahl und verzinktem Stahl gefertigt, so dass Rost keine Chance hat. Au\u00dferdem k\u00f6nnen Sie die Oberseite des Ofens als Backblech verwenden. So k\u00f6nnen Sie auch kulinarische K\u00f6stlichkeiten von diesem einzigartigen Terrassenofen genie\u00dfen.<\/span><\/p>\n<h2>Typische Merkmale der Wilmont Holz\u00f6fen<\/h2>\n<p><span style=\"color: #ffffff;\"><br \/>\nJeder Designer-Terrassenofen, den Sie bei uns kaufen, hat besondere Eigenschaften. Der Terrassenofen bietet eine lange Brenndauer dank des clever angeordneten Holzfachs und brennt rauchfrei dank des innovativen Nachbrennprinzips. Die Holzscheite werden kreuzweise angeordnet, so dass Sie stundenlang ein gem\u00fctliches Feuer genie\u00dfen k\u00f6nnen.<\/span>[\/vc_column_text][\/vc_column_inner][vc_column_inner width=&#8220;7\/12&#8243;][vc_single_image image=&#8220;1628&#8243; img_size=&#8220;full&#8220; alignment=&#8220;center&#8220;][\/vc_column_inner][\/vc_row_inner][vc_row_inner][vc_column_inner width=&#8220;1\/4&#8243;][\/vc_column_inner][vc_column_inner width=&#8220;3\/4&#8243;][vc_column_text]<\/p>\n<h2>Erleben Sie den Luxus eines Designer-Terrassenheizers von Wilmont<\/h2>\n<p><span style=\"color: #ffffff;\"><br \/>\nBei unserem Designer-Terrassenofen sind die typischen Merkmale von Wilmont Woodstoves leicht zu erkennen. So sind die oben bereits erw\u00e4hnten Luxusmerkmale wie: die extrem lange Brenndauer. Und die rauchfreie Holzverbrennung durch das innovative Nachverbrennungsprinzip. Der Holzvorrat dieses Terrassenofens befindet sich in einem nach au\u00dfen kippbaren Holzfach, das mit der Hauptbrennkammer eine Einheit bildet. Au\u00dferdem werden die Holzscheite kreuzweise in das Holzfach gelegt, so dass eine einzige Holzf\u00fcllung mindestens zwei Stunden lang brennt. Au\u00dferdem verf\u00fcgt das Holzfach \u00fcber eine Ascheschublade, die sich ganz einfach herausnehmen l\u00e4sst. So k\u00f6nnen Sie die vorhandene Asche leicht entfernen.<\/span>[\/vc_column_text][vc_column_text]<\/p>\n<h2>Fordern Sie ein Angebot f\u00fcr Ihre Designer-Terrassenheizung an<\/h2>\n<p><span style=\"color: #ffffff;\"><br \/>\nDer Kauf eines Wilmont Designer-Terrassenheizers ist einfach. Sie kaufen ihn direkt in unserem Webshop. Mit wenigen Mausklicks haben Sie Ihr Lieblingsmodell ausgew\u00e4hlt, das Sie sich dann nach Hause liefern lassen k\u00f6nnen. Kurzum: Mit unserem Design-Terrassenofen haben Sie keinen \u00c4rger und keinen Stress, sondern nur Freude und Komfort. Sie k\u00f6nnen auch zun\u00e4chst einen Kostenvoranschlag f\u00fcr den Terrassenofen anfordern. Dann k\u00f6nnen Sie sp\u00e4ter entscheiden, ob Sie den Ofen tats\u00e4chlich kaufen m\u00f6chten. Klicken Sie einfach auf die Schaltfl\u00e4che &#8222;Angebot einholen&#8220; und f\u00fcllen Sie das Anfrageformular aus. Sie erhalten das Angebot so schnell wie m\u00f6glich.<br \/>\n<\/span>[\/vc_column_text][vc_btn title=&#8220;hier nachsehen &#8220; css=&#8220;.vc_custom_1699444976546{margin-bottom: 35px !important;}&#8220; link=&#8220;url:%2Fproduct%2Fwilmont-houtkachel%2F|title:Wilmont%20houtkachel&#8220; el_class=&#8220;white-buttone&#8220;][\/vc_column_inner][\/vc_row_inner][vc_row_inner][vc_column_inner width=&#8220;1\/4&#8243;][\/vc_column_inner][vc_column_inner width=&#8220;3\/4&#8243;][vc_column_text]<\/p>\n<h2>Kontaktieren Sie Wilmont Woodstoves direkt<\/h2>\n<p><span style=\"color: #ffffff;\"><br \/>\nBen\u00f6tigen Sie weitere Informationen \u00fcber den Designer-Terrassenofen von Wilmont Woodstoves oder m\u00f6chten Sie wissen, wie Sie ihn am besten nutzen und seine M\u00f6glichkeiten erkunden k\u00f6nnen? Dann z\u00f6gern Sie nicht, uns zu kontaktieren. Sie k\u00f6nnen uns telefonisch erreichen unter <a href=\"tel:0628718800\">06 28 71 88 00<\/a> oder per E-Mail an <a href=\"info@wilmontwoodstoves.com\">info@wilmontwoodstoves.com<\/a>. Wir beantworten gerne alle Ihre Fragen und helfen Ihnen bei der Auswahl des perfekten Designer-Terrassenheizers f\u00fcr wunderbare, unbeschwerte Abende bei Ihnen zu Hause.<\/span>[\/vc_column_text][vc_btn title=&#8220;Read more&#8220; el_class=&#8220;white-buttone&#8220; link=&#8220;url:%2Fover-wilmont%2F|title:Over%20wilmont&#8220;][\/vc_column_inner][\/vc_row_inner][\/vc_column][\/vc_row]<\/p>\n","protected":false},"excerpt":{"rendered":"<p>[vc_row][vc_column][vc_empty_space][\/vc_column][\/vc_row][vc_row full_width=&#8220;stretch_row&#8220; content_placement=&#8220;middle&#8220; css=&#8220;.vc_custom_1671458281592{padding-bottom: 90px !important;}&#8220;][vc_column width=&#8220;1\/2&#8243;][vc_column_text] Wenn Sie auf der Suche nach einem Terrassenofen sind, der W\u00e4rme und Atmosph\u00e4re&#8230;<\/p>\n","protected":false},"author":1,"featured_media":0,"parent":0,"menu_order":0,"comment_status":"closed","ping_status":"closed","template":"","meta":{"footnotes":""},"class_list":["post-1929","page","type-page","status-publish","hentry"],"_links":{"self":[{"href":"https:\/\/wilmontwoodstoves.com\/de\/wp-json\/wp\/v2\/pages\/1929","targetHints":{"allow":["GET"]}}],"collection":[{"href":"https:\/\/wilmontwoodstoves.com\/de\/wp-json\/wp\/v2\/pages"}],"about":[{"href":"https:\/\/wilmontwoodstoves.com\/de\/wp-json\/wp\/v2\/types\/page"}],"author":[{"embeddable":true,"href":"https:\/\/wilmontwoodstoves.com\/de\/wp-json\/wp\/v2\/users\/1"}],"replies":[{"embeddable":true,"href":"https:\/\/wilmontwoodstoves.com\/de\/wp-json\/wp\/v2\/comments?post=1929"}],"version-history":[{"count":3,"href":"https:\/\/wilmontwoodstoves.com\/de\/wp-json\/wp\/v2\/pages\/1929\/revisions"}],"predecessor-version":[{"id":1932,"href":"https:\/\/wilmontwoodstoves.com\/de\/wp-json\/wp\/v2\/pages\/1929\/revisions\/1932"}],"wp:attachment":[{"href":"https:\/\/wilmontwoodstoves.com\/de\/wp-json\/wp\/v2\/media?parent=1929"}],"curies":[{"name":"wp","href":"https:\/\/api.w.org\/{rel}","templated":true}]}}