{"id":1844,"date":"2023-09-25T10:01:28","date_gmt":"2023-09-25T10:01:28","guid":{"rendered":"https:\/\/wilmontwoodstoves.com\/?page_id=1844"},"modified":"2023-09-26T09:07:48","modified_gmt":"2023-09-26T09:07:48","slug":"design-aussenkamin","status":"publish","type":"page","link":"https:\/\/wilmontwoodstoves.com\/de\/design-aussenkamin\/","title":{"rendered":"Design-Au\u00dfenkamin"},"content":{"rendered":"<p>[vc_row][vc_column][vc_empty_space][\/vc_column][\/vc_row][vc_row full_width=&#8220;stretch_row&#8220; content_placement=&#8220;middle&#8220; css=&#8220;.vc_custom_1671458281592{padding-bottom: 90px !important;}&#8220;][vc_column width=&#8220;1\/2&#8243;][vc_column_text]<\/p>\n<h2>Einzigartiger Designer-Au\u00dfenkamin von Wilmont Woodstoves<\/h2>\n<p>Wussten Sie, dass Sie mit einem Designer-Au\u00dfenkamin ein sch\u00f6nes knisterndes Holzfeuer in der N\u00e4he Ihres Hauses genie\u00dfen k\u00f6nnen? Au\u00dferdem verleiht er Ihrem Au\u00dfenbereich ein elegantes Element. Wenn Sie sich nach gem\u00fctlichen Abenden an einer Feuerstelle ohne l\u00e4stige Ger\u00fcche und Rauch sehnen, sind Sie bei Wilmont Woodstoves an der richtigen Adresse. Unser handgefertigter Designer-Au\u00dfenkamin ist ein Synonym f\u00fcr un\u00fcbertroffene Qualit\u00e4t. Der exklusive Au\u00dfenkamin, den Sie bei uns erwerben k\u00f6nnen, wird mit \u00e4u\u00dferster Sorgfalt ma\u00dfgefertigt und f\u00fcgt sich nahtlos in das moderne Outdoor-Living ein, das die meisten Menschen gerne genie\u00dfen.[\/vc_column_text][vc_column_text]<\/p>\n<h2>Die einzigartigen Eigenschaften unseres Designer-Au\u00dfenkamins<\/h2>\n<p>Was zeichnet einen Designer-Au\u00dfenkamin von Wilmont Woodstoves aus?<\/p>\n<ul>\n<li>Exklusivit\u00e4t: Jeder von uns hergestellte Au\u00dfenkamin wird von Hand gefertigt, so dass Sie einen Au\u00dfenkamin erhalten, der wirklich einzigartig ist.<\/li>\n<li>Geruchs- und rauchfrei: Einer der gr\u00f6\u00dften Vorteile unseres Designer-Au\u00dfenkamins ist die Abwesenheit von l\u00e4stigen Ger\u00fcchen und Rauch. Genie\u00dfen Sie die W\u00e4rme und Atmosph\u00e4re ohne die Unannehmlichkeiten traditioneller Feuerstellen.<\/li>\n<li>Modernes Design: Unser Designer-Au\u00dfenkamin wird nach einem einzigartigen zeitgen\u00f6ssischen und modernen Design gefertigt, das sich nahtlos in eine Vielzahl von Au\u00dfenbereichen einf\u00fcgt.<\/li>\n<\/ul>\n<p>[\/vc_column_text][\/vc_column][vc_column width=&#8220;1\/2&#8243;][vc_single_image image=&#8220;1606&#8243; img_size=&#8220;full&#8220;][\/vc_column][\/vc_row][vc_row full_width=&#8220;stretch_row&#8220; el_class=&#8220;woodstove-map woodstove-map-right&#8220; css=&#8220;.vc_custom_1671460085459{padding-top: 50px !important;padding-bottom: 45px !important;background: #ffffff url(https:\/\/wilmontwoodstoves.com\/wp-content\/uploads\/Ontwerp-zonder-titel-11-1.png?id=680) !important;background-position: center !important;background-repeat: no-repeat !important;background-size: cover !important;}&#8220;][vc_column][vc_row_inner equal_height=&#8220;yes&#8220; content_placement=&#8220;middle&#8220;][vc_column_inner width=&#8220;5\/12&#8243;][vc_column_text]<a href=\"https:\/\/wilmontwoodstoves.com\/wp-content\/uploads\/wilmont-csteffioberhauser11-1.jpg\"><img decoding=\"async\" class=\"alignnone size-medium wp-image-969\" src=\"https:\/\/wilmontwoodstoves.com\/wp-content\/uploads\/wilmont-csteffioberhauser11-1-200x300.jpg\" alt=\"design tuinhaar\" width=\"100%\" height=\"auto\" srcset=\"https:\/\/wilmontwoodstoves.com\/wp-content\/uploads\/wilmont-csteffioberhauser11-1-200x300.jpg 200w, https:\/\/wilmontwoodstoves.com\/wp-content\/uploads\/wilmont-csteffioberhauser11-1-683x1024.jpg 683w, https:\/\/wilmontwoodstoves.com\/wp-content\/uploads\/wilmont-csteffioberhauser11-1-167x250.jpg 167w, https:\/\/wilmontwoodstoves.com\/wp-content\/uploads\/wilmont-csteffioberhauser11-1.jpg 720w\" sizes=\"(max-width: 200px) 100vw, 200px\" \/><\/a>[\/vc_column_text][\/vc_column_inner][vc_column_inner width=&#8220;7\/12&#8243;][vc_column_text]<\/p>\n<h2>Handwerkskunst<\/h2>\n<p>Unser Designer-Au\u00dfenkamin ist das Ergebnis von Handwerkskunst und Hingabe. Unsere erfahrenen Handwerker fertigen den Designer-Au\u00dfenkamin vollst\u00e4ndig von Hand und streben nach Perfektion bis ins kleinste Detail. Dies garantiert einen hochwertigen Au\u00dfenkamin, der Generationen \u00fcberdauern wird.<\/p>\n<h2>Einzigartiger Gartenkamin<\/h2>\n<p>Mit einem Wilmont Design-Au\u00dfenkamin genie\u00dfen Sie einen stimmungsvollen, holzbefeuerten Kamin mit einem sch\u00f6nen Flammenbild und angenehmer Strahlungsw\u00e4rme. Dank unseres innovativen Verbrennungssystems ist die Verbrennung nahezu 100 % effizient, ohne l\u00e4stigen Rauch oder unangenehme Ger\u00fcche. So k\u00f6nnen Sie ein Holzfeuer auf Ihrer Terrasse genie\u00dfen, ohne sich Gedanken \u00fcber Rauchbel\u00e4stigung zu machen. Mit einem Wilmont Designer-Au\u00dfenkamin bringen Sie ein einzigartiges Erlebnis in Ihren Garten oder Au\u00dfenbereich. Genie\u00dfen Sie die Gem\u00fctlichkeit und W\u00e4rme eines echten Feuers, w\u00e4hrend Sie in Ihrem eigenen Garten entspannen. Ob im Fr\u00fchling, Sommer, Herbst oder Winter, Ihr Gartenkamin schafft eine besondere Atmosph\u00e4re, die Freunde und Familie zusammenbringt.[\/vc_column_text][\/vc_column_inner][\/vc_row_inner][\/vc_column][\/vc_row][vc_row full_width=&#8220;stretch_row&#8220; content_placement=&#8220;middle&#8220; el_class=&#8220;wilmont-box&#8220; css=&#8220;.vc_custom_1671459269853{border-top-width: 5px !important;border-bottom-width: 5px !important;padding-top: 28px !important;padding-bottom: 80px !important;background-image: url(https:\/\/wilmontwoodstoves.com\/wp-content\/uploads\/Hout-groot-1.png?id=726) !important;background-position: center !important;background-repeat: no-repeat !important;background-size: cover !important;border-top-color: #e1b833 !important;border-top-style: solid !important;border-bottom-color: #e1b833 !important;border-bottom-style: solid !important;}&#8220;][vc_column width=&#8220;1\/2&#8243;][\/vc_column][vc_column width=&#8220;1\/2&#8243;][vc_column_text]<\/p>\n<h2>Hochwertige Qualit\u00e4t<\/h2>\n<p>Unsere Feuerstelle f\u00fcr den Au\u00dfenbereich ist aus hochwertigen Materialien gefertigt, darunter Edelstahl und verzinkter Stahl, der Rostbildung stets vorbeugt. Dar\u00fcber hinaus kann die Oberseite der Feuerstelle als praktische Grillplatte f\u00fcr zus\u00e4tzlichen kulinarischen Genuss dienen.<\/p>\n<h2>Typische Wilmont-Merkmale<\/h2>\n<p>Unser Design-Au\u00dfenkamin zeichnet sich durch besondere Eigenschaften aus, wie z.B. eine lange Brenndauer dank des praktischen Holzfachs und eine rauchfreie Holzverbrennung durch ein durchdachtes Nachbrennerprinzip. Die Holzscheite werden kreuzweise in das Holzfach gelegt, so dass Sie ca. 2 Stunden lang ein brennendes Feuer genie\u00dfen k\u00f6nnen.[\/vc_column_text][\/vc_column][\/vc_row][vc_row full_width=&#8220;stretch_row&#8220; el_class=&#8220;woodstove-map woodstove-map-right&#8220; css=&#8220;.vc_custom_1673951036627{padding-top: 50px !important;padding-bottom: 45px !important;background: #000000 url(https:\/\/wilmontwoodstoves.com\/wp-content\/uploads\/vuurhand-2.png?id=750) !important;background-position: center !important;background-repeat: no-repeat !important;background-size: cover !important;}&#8220;][vc_column][vc_row_inner equal_height=&#8220;yes&#8220; content_placement=&#8220;middle&#8220;][vc_column_inner width=&#8220;5\/12&#8243;][vc_column_text]<\/p>\n<h2>Erleben Sie auch den Luxus eines Wilmont Design Au\u00dfenkamins<\/h2>\n<p><span style=\"color: #ffffff;\"><br \/>\nIn unserem Design-Au\u00dfenkamin erkennen Sie die typischen Wilmont-Merkmale: eine lange Brenndauer durch den Holzvorrat und eine rauchfreie Holzverbrennung durch unser ausgekl\u00fcgeltes Nachbrennerprinzip. Der Holzvorrat des Gartenkamins befindet sich in einem nach au\u00dfen kippbaren Holzfach, das mit der Hauptbrennkammer eine Einheit bildet. Die Holzscheite werden kreuz und quer in das Holzfach gelegt. Mit einer Holzf\u00fcllung brennt der Design-Gartenkamin ca. 2 Stunden lang. Im Holzfach befindet sich eine Ascheschublade, die f\u00fcr eine praktische und saubere Ascheentnahme leicht herausgenommen werden kann.<br \/>\n.<\/span>[\/vc_column_text][\/vc_column_inner][vc_column_inner width=&#8220;7\/12&#8243;][vc_single_image image=&#8220;1628&#8243; img_size=&#8220;full&#8220; alignment=&#8220;center&#8220;][\/vc_column_inner][\/vc_row_inner][vc_row_inner][vc_column_inner width=&#8220;1\/4&#8243;][\/vc_column_inner][vc_column_inner width=&#8220;3\/4&#8243;][vc_column_text]<\/p>\n<h2>Fordern Sie ein Angebot f\u00fcr Ihren Designerkamin an<\/h2>\n<p><span style=\"color: #ffffff;\"><br \/>\nEinen Wilmont Designer-Au\u00dfenkamin zu kaufen ist nicht schwer. Sie k\u00f6nnen Ihren gew\u00fcnschten Design-Au\u00dfenkamin direkt auf unserer Website kaufen. Mit nur wenigen Klicks w\u00e4hlen Sie Ihr Lieblingsmodell aus und lassen es sich bequem nach Hause liefern. Keine Hektik, kein Stress, nur Freude. Nat\u00fcrlich k\u00f6nnen Sie auch zun\u00e4chst ein Angebot f\u00fcr unseren Au\u00dfenkamin anfordern, um sp\u00e4ter zu entscheiden, ob Sie den Design-Au\u00dfenkamin kaufen m\u00f6chten. Klicken Sie dazu auf den Button &#8222;Angebot anfordern&#8220; und f\u00fcllen Sie anschlie\u00dfend das Anfrageformular aus. Sie erhalten dann so schnell wie m\u00f6glich ein Angebot von uns.<br \/>\n<\/span>[\/vc_column_text][\/vc_column_inner][\/vc_row_inner][vc_row_inner][vc_column_inner width=&#8220;1\/4&#8243;][\/vc_column_inner][vc_column_inner width=&#8220;3\/4&#8243;][vc_column_text]<\/p>\n<h2>Kontaktaufnahme mit Wilmont Woodstoves<\/h2>\n<p><span style=\"color: #ffffff;\"><br \/>\nHaben Sie Fragen zu unserem Design-Au\u00dfenkamin oder m\u00f6chten Sie mehr \u00fcber dessen Einsatz und M\u00f6glichkeiten erfahren? Z\u00f6gern Sie nicht, uns zu kontaktieren. Sie k\u00f6nnen uns telefonisch unter <a href=\"tel:06 28 71 88 00\">06 28 71 88 00<\/a> oder per E-Mail unter <a href=\"mailto:info@wilmontwoodstoves.com\">info@wilmontwoodstoves.com<\/a> erreichen. Wir sind bereit, Ihre Fragen zu beantworten und Ihnen bei der Auswahl des perfekten Design-Au\u00dfenkamins f\u00fcr ein unbeschwertes Leben im Freien zu helfen.<br \/>\n<\/span>[\/vc_column_text][\/vc_column_inner][\/vc_row_inner][\/vc_column][\/vc_row]<\/p>\n","protected":false},"excerpt":{"rendered":"<p>[vc_row][vc_column][vc_empty_space][\/vc_column][\/vc_row][vc_row full_width=&#8220;stretch_row&#8220; content_placement=&#8220;middle&#8220; css=&#8220;.vc_custom_1671458281592{padding-bottom: 90px !important;}&#8220;][vc_column width=&#8220;1\/2&#8243;][vc_column_text] Einzigartiger Designer-Au\u00dfenkamin von Wilmont Woodstoves Wussten Sie, dass Sie mit einem Designer-Au\u00dfenkamin ein&#8230;<\/p>\n","protected":false},"author":1,"featured_media":0,"parent":0,"menu_order":0,"comment_status":"closed","ping_status":"closed","template":"","meta":{"footnotes":""},"class_list":["post-1844","page","type-page","status-publish","hentry"],"_links":{"self":[{"href":"https:\/\/wilmontwoodstoves.com\/de\/wp-json\/wp\/v2\/pages\/1844","targetHints":{"allow":["GET"]}}],"collection":[{"href":"https:\/\/wilmontwoodstoves.com\/de\/wp-json\/wp\/v2\/pages"}],"about":[{"href":"https:\/\/wilmontwoodstoves.com\/de\/wp-json\/wp\/v2\/types\/page"}],"author":[{"embeddable":true,"href":"https:\/\/wilmontwoodstoves.com\/de\/wp-json\/wp\/v2\/users\/1"}],"replies":[{"embeddable":true,"href":"https:\/\/wilmontwoodstoves.com\/de\/wp-json\/wp\/v2\/comments?post=1844"}],"version-history":[{"count":6,"href":"https:\/\/wilmontwoodstoves.com\/de\/wp-json\/wp\/v2\/pages\/1844\/revisions"}],"predecessor-version":[{"id":1861,"href":"https:\/\/wilmontwoodstoves.com\/de\/wp-json\/wp\/v2\/pages\/1844\/revisions\/1861"}],"wp:attachment":[{"href":"https:\/\/wilmontwoodstoves.com\/de\/wp-json\/wp\/v2\/media?parent=1844"}],"curies":[{"name":"wp","href":"https:\/\/api.w.org\/{rel}","templated":true}]}}