{"id":1831,"date":"2023-09-25T09:48:23","date_gmt":"2023-09-25T09:48:23","guid":{"rendered":"https:\/\/wilmontwoodstoves.com\/?page_id=1831"},"modified":"2023-09-26T06:55:29","modified_gmt":"2023-09-26T06:55:29","slug":"design-gartenkamin","status":"publish","type":"page","link":"https:\/\/wilmontwoodstoves.com\/de\/design-gartenkamin\/","title":{"rendered":"Design-Gartenkamin"},"content":{"rendered":"<p>[vc_row full_width=&#8220;stretch_row&#8220; css=&#8220;.vc_custom_1661332073830{padding-top: 90px !important;padding-bottom: 108px !important;}&#8220;][vc_column][vc_row_inner][vc_column_inner width=&#8220;2\/12&#8243;][\/vc_column_inner][vc_column_inner width=&#8220;8\/12&#8243;][vc_column_text el_class=&#8220;center&#8220;]<\/p>\n<h2>Einzigartiger Designer-Gartenkamin von Wilmont Woodstoves<\/h2>\n<p>Wussten Sie, dass Sie mit einem Designer-Gartenkamin ein stilvoll knisterndes Feuer in Ihrem Haus genie\u00dfen k\u00f6nnen? Und dass Sie damit eine stilvolle Erg\u00e4nzung zu Ihrem Au\u00dfenbereich schaffen? Wenn Sie gem\u00fctliche Abende an einer geruchs- und rauchfreien Feuerstelle genie\u00dfen wollen, sollten Sie sich an Wilmont Woodstoves wenden. Ein handgefertigter Designer-Gartenkamin von Wilmont Woodstoves ist von h\u00f6chster Qualit\u00e4t. Der exklusive Gartenkamin, den Sie bei uns kaufen k\u00f6nnen, ist perfekt auf das stilvolle, moderne Leben im Freien zugeschnitten und wird mit gr\u00f6\u00dfter Sorgfalt f\u00fcr Sie hergestellt.[\/vc_column_text][\/vc_column_inner][vc_column_inner width=&#8220;2\/12&#8243;][\/vc_column_inner][\/vc_row_inner][\/vc_column][\/vc_row][vc_row full_width=&#8220;stretch_row&#8220; el_class=&#8220;woodstove-map&#8220; css=&#8220;.vc_custom_1671113951817{padding-top: 80px !important;padding-bottom: 90px !important;background: #ffffff url(https:\/\/wilmontwoodstoves.com\/wp-content\/uploads\/Ontwerp-zonder-titel-14.png?id=696) !important;}&#8220;][vc_column css=&#8220;.vc_custom_1661332497204{padding-top: 0px !important;}&#8220;][vc_row_inner css=&#8220;.vc_custom_1661332503565{padding-top: 0px !important;}&#8220;][vc_column_inner width=&#8220;1\/2&#8243;][\/vc_column_inner][vc_column_inner width=&#8220;1\/2&#8243;][vc_column_text]<\/p>\n<h2>Die einzigartigen Eigenschaften unseres Designer-Gartenkamins<\/h2>\n<p>Was zeichnet einen Designer-Gartenkamin von Wilmont Woodstoves aus?<\/p>\n<ul>\n<li>Exklusivit\u00e4t: Jeder von uns hergestellte Gartenkamin wird exklusiv entworfen und handgefertigt, so dass Sie einen Gartenkamin erhalten, der wirklich einzigartig ist.<\/li>\n<li>Geruchs- und rauchfrei: Einer der gr\u00f6\u00dften Vorteile unseres Designer-Gartenkamins ist, dass er geruchs- und rauchfrei ist. Sie k\u00f6nnen ein gem\u00fctliches Feuer genie\u00dfen, ohne die l\u00e4stigen Ger\u00fcche und den Rauch, die mit traditionellen offenen Gartenkaminen verbunden sind. Das macht den Genuss von Atmosph\u00e4re und W\u00e4rme im Freien viel angenehmer und komfortabler, auch an k\u00e4lteren Abenden.<\/li>\n<li>Modernes Design: Unser Designer-Gartenkamin hat einen modernen Look, der perfekt in jeden Au\u00dfenbereich passt. Es ist der perfekt gestaltete Designer-Gartenkamin f\u00fcr Sie.<\/li>\n<\/ul>\n<p>[\/vc_column_text][\/vc_column_inner][\/vc_row_inner][\/vc_column][\/vc_row][vc_row full_width=&#8220;stretch_row&#8220; css=&#8220;.vc_custom_1661344999868{border-top-width: 5px !important;border-bottom-width: 5px !important;padding-top: 60px !important;padding-bottom: 105px !important;background-image: url(https:\/\/wilmontwoodstoves.com\/wp-content\/uploads\/Schermafbeelding-2022-07-26-om-14.02.58.png?id=521) !important;background-position: center !important;background-repeat: no-repeat !important;background-size: cover !important;border-top-color: #e1b833 !important;border-top-style: solid !important;border-bottom-color: #e1b833 !important;border-bottom-style: solid !important;}&#8220; el_class=&#8220;wilmont-box bbtn&#8220;][vc_column css=&#8220;.vc_custom_1661333260706{padding-top: 0px !important;}&#8220;][vc_row_inner][vc_column_inner width=&#8220;1\/2&#8243;][vc_column_text]<\/p>\n<h2>Handgemachte Meisterleistung<\/h2>\n<p>Unser Designer-Gartenkamin ist das Ergebnis von Handwerkskunst und Hingabe. Jeder Gartenkamin wird in Handarbeit von erfahrenen Handwerkern gefertigt, die sich um Perfektion in jedem Detail bem\u00fchen. Das bedeutet, dass Sie sich auf einen hochwertigen Gartenkamin verlassen k\u00f6nnen, der lange h\u00e4lt und an dem Sie \u00fcber Generationen hinweg Freude haben werden.<\/p>\n<h2>Einzigartig in seiner Art<\/h2>\n<p>Der Wilmont Gartenkamin ist ein stimmungsvoller, holzbefeuerter Kamin mit einem einzigartigen Flammenbild und einer wunderbaren Strahlungsw\u00e4rme. Dank des innovativen Verbrennungssystems ist die Verbrennung praktisch 100%ig, die Rauchgase sind sauber, transparent und geruchsfrei. So k\u00f6nnen Sie auf Ihrer Terrasse ein gem\u00fctliches Holzfeuer brennen lassen, ohne dass Sie oder Ihre Nachbarn in den Rauch oder Brandgeruch geraten. Mit einem Wilmont Designer-Gartenkamin bringen Sie ein einzigartiges Erlebnis in Ihren Garten oder Au\u00dfenbereich. Genie\u00dfen Sie die Gem\u00fctlichkeit und W\u00e4rme eines echten Feuers, w\u00e4hrend Sie in Ihrem eigenen Garten entspannen. Ob Fr\u00fchling, Sommer, Herbst oder Winter, Ihr Gartenkamin schafft eine besondere Atmosph\u00e4re, die Freunde und Familie zusammenbringt.[\/vc_column_text][\/vc_column_inner][vc_column_inner width=&#8220;1\/2&#8243;][\/vc_column_inner][\/vc_row_inner][\/vc_column][\/vc_row][vc_row full_width=&#8220;stretch_row&#8220; css=&#8220;.vc_custom_1661332073830{padding-top: 90px !important;padding-bottom: 108px !important;}&#8220;][vc_column][vc_row_inner][vc_column_inner width=&#8220;2\/12&#8243;][\/vc_column_inner][vc_column_inner width=&#8220;8\/12&#8243;][vc_column_text el_class=&#8220;center&#8220;]Hochwertiger Gartenkamin<\/p>\n<p>Unser Gartenkamin ist von besonders hoher Qualit\u00e4t und besteht aus Edelstahl und verzinktem Stahl. Dadurch rostet die Feuerstelle nicht und hinterl\u00e4sst auch keine Rostflecken auf Ihrer Terrasse. Eine Besonderheit des Design-Gartenkamins ist, dass der Deckel auf Wunsch als Backblech fungiert. Die Grillplatte besteht aus 2 Teilen, ist einfach zu montieren und passt in die Sp\u00fclmaschine. F\u00fcr eine optimale W\u00e4rmeleitung ist die Grillplatte aus Stahl gefertigt, der stets trocken gehalten werden sollte. So k\u00f6nnen Sie immer ein sch\u00f6nes Feuer im Freien genie\u00dfen, sich an der W\u00e4rme erfreuen und gleichzeitig eine leckere Mahlzeit auf der Feuerstelle im Freien zubereiten.[\/vc_column_text][\/vc_column_inner][vc_column_inner width=&#8220;2\/12&#8243;][\/vc_column_inner][\/vc_row_inner][\/vc_column][\/vc_row][vc_row full_width=&#8220;stretch_row&#8220; css=&#8220;.vc_custom_1661332073830{padding-top: 90px !important;padding-bottom: 108px !important;}&#8220;][vc_column][vc_column_text]<\/p>\n<h2 style=\"text-align: center;\">Typische Wilmont-Merkmale<\/h2>\n<p style=\"text-align: center;\">In unserem Design-Gartenkamin erkennen Sie die typischen Wilmont-Merkmale: eine lange Brenndauer durch den Holzvorrat und eine rauchfreie Holzverbrennung durch das ausgekl\u00fcgelte Nachverbrennungsprinzip. Der Holzvorrat des Gartenkamins befindet sich in einem nach au\u00dfen kippbaren Holzfach, das mit der Hauptbrennkammer eine Einheit bildet. Die Holzscheite werden kreuz und quer in das Holzfach gelegt. Mit einer Holzf\u00fcllung brennt der Design-Gartenkamin ca. 2 Stunden lang. Im Holzfach befindet sich eine herausnehmbare Ascheschublade zur praktischen und sauberen Ascheentsorgung.<\/p>\n<h2 style=\"text-align: center;\">Erleben Sie den Luxus eines Wilmont Design-Gartenfeuers<\/h2>\n<p style=\"text-align: center;\">Wir von Wilmont Woodstoves m\u00f6chten Ihnen das Beste f\u00fcr Ihren Au\u00dfenbereich bieten. Unser einzigartiger, luxuri\u00f6ser und exklusiver Designer-Gartenkamin ist geruchs- und rauchfrei und erf\u00fcllt jeden Wunsch nach einem ungest\u00f6rten und unbeschwerten Leben im Freien im eigenen Garten oder einem anderen Au\u00dfenbereich rund ums Haus. Verwandeln Sie Ihren Garten in eine trendige und moderne Oase der W\u00e4rme und Ruhe mit einem speziellen Wilmont Designer-Gartenkamin.<\/p>\n<p>[\/vc_column_text][\/vc_column][\/vc_row][vc_row full_width=&#8220;stretch_row&#8220; css=&#8220;.vc_custom_1661332073830{padding-top: 90px !important;padding-bottom: 108px !important;}&#8220;][vc_column][vc_column_text]<\/p>\n<h2 style=\"text-align: center;\">Design-Gartenkamin kaufen<\/h2>\n<p style=\"text-align: center;\">Sie k\u00f6nnen den Wilmont Design-Gartenkamin ganz einfach online kaufen. Sie k\u00f6nnen dies direkt bei uns tun!<br \/>\nMit nur wenigen Mausklicks k\u00f6nnen Sie Ihren Design-Gartenkamin ausw\u00e4hlen und zu Ihnen nach Hause liefern lassen. Ganz ohne Stress und Hektik, sondern einfach nur mit Freude. Klicken Sie also auf den Button und kaufen Sie noch heute Ihren Designer-Gartenkamin online. Auf diese Weise werden Sie die W\u00e4rme und den Stil entdecken, die Ihnen nur Wilmont bieten kann. Machen Sie Ihren Au\u00dfenbereich zu einem Ort, an dem Sie das ganze Jahr \u00fcber gerne Zeit verbringen.<\/p>\n<h2 style=\"text-align: center;\">Kontakt zu Wilmont Woodstoves<\/h2>\n<p style=\"text-align: center;\">Haben Sie Fragen zu unserem Designer-Gartenkamin oder m\u00f6chten Sie wissen, wo und wie Sie ihn am besten einsetzen k\u00f6nnen? Dann rufen Sie uns an unter <a href=\"tel:06 28 71 88 00\">06 28 71 88 00<\/a> oder schreiben Sie uns eine E-Mail an <a href=\"mailto:info@wilmontwoodstoves.com\">info@wilmontwoodstoves.com<\/a>.<\/p>\n<p>[\/vc_column_text][\/vc_column][\/vc_row][vc_row full_width=&#8220;stretch_row_content&#8220; equal_height=&#8220;yes&#8220; content_placement=&#8220;middle&#8220; el_class=&#8220;two-box&#8220;][vc_column width=&#8220;1\/2&#8243; css=&#8220;.vc_custom_1661329156048{background-image: url(https:\/\/wilmontwoodstoves.com\/wp-content\/uploads\/img-bivak1.jpg?id=481) !important;background-position: center !important;background-repeat: no-repeat !important;background-size: cover !important;}&#8220;][vc_column_text el_class=&#8220;center&#8220;]<\/p>\n<h2>Wilmont BIVAK<\/h2>\n<h3>Terraskachel<\/h3>\n<p>[\/vc_column_text][\/vc_column][vc_column width=&#8220;1\/2&#8243; css=&#8220;.vc_custom_1661329173538{background-image: url(https:\/\/wilmontwoodstoves.com\/wp-content\/uploads\/woodstove.jpg?id=489) !important;background-position: center !important;background-repeat: no-repeat !important;background-size: cover !important;}&#8220;][vc_column_text el_class=&#8220;center&#8220;]<\/p>\n<h2>Wilmont woodstove<\/h2>\n<h3>\u00a0Houtkachel<\/h3>\n<p>[\/vc_column_text][\/vc_column][\/vc_row]<\/p>\n","protected":false},"excerpt":{"rendered":"<p>[vc_row full_width=&#8220;stretch_row&#8220; css=&#8220;.vc_custom_1661332073830{padding-top: 90px !important;padding-bottom: 108px !important;}&#8220;][vc_column][vc_row_inner][vc_column_inner width=&#8220;2\/12&#8243;][\/vc_column_inner][vc_column_inner width=&#8220;8\/12&#8243;][vc_column_text el_class=&#8220;center&#8220;] Einzigartiger Designer-Gartenkamin von Wilmont Woodstoves Wussten Sie, dass Sie mit&#8230;<\/p>\n","protected":false},"author":1,"featured_media":0,"parent":0,"menu_order":0,"comment_status":"closed","ping_status":"closed","template":"","meta":{"footnotes":""},"class_list":["post-1831","page","type-page","status-publish","hentry"],"_links":{"self":[{"href":"https:\/\/wilmontwoodstoves.com\/de\/wp-json\/wp\/v2\/pages\/1831","targetHints":{"allow":["GET"]}}],"collection":[{"href":"https:\/\/wilmontwoodstoves.com\/de\/wp-json\/wp\/v2\/pages"}],"about":[{"href":"https:\/\/wilmontwoodstoves.com\/de\/wp-json\/wp\/v2\/types\/page"}],"author":[{"embeddable":true,"href":"https:\/\/wilmontwoodstoves.com\/de\/wp-json\/wp\/v2\/users\/1"}],"replies":[{"embeddable":true,"href":"https:\/\/wilmontwoodstoves.com\/de\/wp-json\/wp\/v2\/comments?post=1831"}],"version-history":[{"count":3,"href":"https:\/\/wilmontwoodstoves.com\/de\/wp-json\/wp\/v2\/pages\/1831\/revisions"}],"predecessor-version":[{"id":1858,"href":"https:\/\/wilmontwoodstoves.com\/de\/wp-json\/wp\/v2\/pages\/1831\/revisions\/1858"}],"wp:attachment":[{"href":"https:\/\/wilmontwoodstoves.com\/de\/wp-json\/wp\/v2\/media?parent=1831"}],"curies":[{"name":"wp","href":"https:\/\/api.w.org\/{rel}","templated":true}]}}