{"id":1771,"date":"2022-11-08T16:03:04","date_gmt":"2022-11-08T16:03:04","guid":{"rendered":"https:\/\/wilmontwoodstoves.com\/technische-details-gebruikershandleiding\/"},"modified":"2023-08-30T12:10:08","modified_gmt":"2023-08-30T12:10:08","slug":"technische-details-benutzerhandbuch","status":"publish","type":"page","link":"https:\/\/wilmontwoodstoves.com\/de\/technische-details-benutzerhandbuch\/","title":{"rendered":"TECHNISCHE DETAILS &#038; BENUTZERHANDBUCH"},"content":{"rendered":"<p>[vc_row full_width=&#8220;stretch_row&#8220; equal_height=&#8220;yes&#8220; content_placement=&#8220;middle&#8220; el_class=&#8220;nieuwsgierig-box&#8220; el_id=&#8220;nieuwsgierig&#8220;][vc_column][vc_column_text el_class=&#8220;center&#8220;]<\/p>\n<h2>EXEKUTIVEN<\/h2>\n<p>Der Wilmont-Holzofen wurde sandgestrahlt und mit hitzebest\u00e4ndiger Farbe gestrichen, die Bedienelemente sind teils vernickelt, teils aus einfachem Edelstahl.<\/p>\n<p>Der Ofen ist in zwei Farben erh\u00e4ltlich:<\/p>\n<ul>\n<li>Anthrazitgrau<\/li>\n<li>mattschwarz<\/li>\n<\/ul>\n<p>[\/vc_column_text][vc_btn title=&#8220;Siehe Entw\u00fcrfe&#8220; align=&#8220;center&#8220; link=&#8220;url:%2Fde%2Fkaminofen%2F&#8220;][\/vc_column][\/vc_row][vc_row full_width=&#8220;stretch_row&#8220; css=&#8220;.vc_custom_1661332073830{padding-top: 90px !important;padding-bottom: 108px !important;}&#8220;][vc_column][vc_row_inner][vc_column_inner width=&#8220;2\/12&#8243;][\/vc_column_inner][vc_column_inner width=&#8220;8\/12&#8243;][vc_column_text el_class=&#8220;center&#8220;]<\/p>\n<h2>Besondere Geschichte<\/h2>\n<p>[\/vc_column_text][vc_column_text el_class=&#8220;center&#8220;]<\/p>\n<h4>TECHNISCHE DATEN STANDARD HEIZUNG<\/h4>\n<p>(beteiligt an 13% O2)<\/p>\n<p>Maximale Leistung: 9 KW<br \/>\nCo-Emissionen: 0,325 g\/Nm3 (0,216 g\/MJ) (0,026 vol%)<br \/>\nFeinstaubemissionen: 0,010 g\/Nm3 (0,007 g\/MJ)<br \/>\nNOx-Emissionen: 0,131 g\/Nm3\u00a0\u00a0\u00a0\u00a0\u00a0 (0,087 g\/MJ)<br \/>\nCxHy-Emissionen: 0,005 g\/Nm3\u00a0\u00a0\u00a0\u00a0\u00a0 (0,004 g\/MJ)<br \/>\nWirkungsgrad: 86,7 %<br \/>\nGewicht: 199 Kg<\/p>\n<p>Maximale Temperatur am Ofenrohranschluss: 270 \u00b0C<br \/>\nMindestschornsteinzug bei Betriebstemperatur: 12 Pa[\/vc_column_text][\/vc_column_inner][vc_column_inner width=&#8220;2\/12&#8243;][\/vc_column_inner][\/vc_row_inner][\/vc_column][\/vc_row][vc_row full_width=&#8220;stretch_row&#8220; el_class=&#8220;woodstove-map&#8220; css=&#8220;.vc_custom_1661332370818{padding-top: 80px !important;padding-bottom: 90px !important;background: #ffffff url(https:\/\/wilmontwoodstoves.com\/wp-content\/uploads\/map-nl.svg?id=486) !important;}&#8220;][vc_column css=&#8220;.vc_custom_1661332497204{padding-top: 0px !important;}&#8220;][vc_row_inner css=&#8220;.vc_custom_1661332503565{padding-top: 0px !important;}&#8220;][vc_column_inner width=&#8220;1\/6&#8243;][\/vc_column_inner][vc_column_inner width=&#8220;4\/6&#8243;][vc_column_text]<\/p>\n<h3>woodstove<\/h3>\n<h2>Nachhaltiges Design<\/h2>\n<p>[\/vc_column_text][vc_column_text]Der Wilmont Kaminofen wurde vom T\u00dcV Rheinland Deutschland, einem unabh\u00e4ngigen Pr\u00fcfer f\u00fcr Produktqualit\u00e4t und -sicherheit, getestet. <a href=\"https:\/\/www.wilmontwoodstoves.com\/images\/downloads\/K_1974_2016_T1-signed.pdf\">Sie k\u00f6nnen den T\u00dcV-Bericht hier herunterladen.<\/a><\/p>\n<p>In unserer Bedienungsanleitung erfahren Sie alles, was Sie \u00fcber den Betrieb und die Verwendung des Ofens wissen m\u00fcssen. <a href=\"https:\/\/www.wilmontwoodstoves.com\/images\/Handleiding_Wilmont_BF-9_V1.2.pdf\">Sie k\u00f6nnen diese Anleitung hier herunterladen.<\/a>[\/vc_column_text][\/vc_column_inner][vc_column_inner width=&#8220;1\/6&#8243;][\/vc_column_inner][\/vc_row_inner][\/vc_column][\/vc_row][vc_row full_width=&#8220;stretch_row_content&#8220; equal_height=&#8220;yes&#8220; content_placement=&#8220;middle&#8220; el_class=&#8220;two-box&#8220;][vc_column width=&#8220;1\/2&#8243; css=&#8220;.vc_custom_1661329156048{background-image: url(https:\/\/wilmontwoodstoves.com\/wp-content\/uploads\/img-bivak1.jpg?id=481) !important;background-position: center !important;background-repeat: no-repeat !important;background-size: cover !important;}&#8220;][vc_column_text el_class=&#8220;center&#8220;]<\/p>\n<h2>Wilmont BIVAK<\/h2>\n<h3>Terrassenofen<\/h3>\n<p>[\/vc_column_text][\/vc_column][vc_column width=&#8220;1\/2&#8243; css=&#8220;.vc_custom_1661329173538{background-image: url(https:\/\/wilmontwoodstoves.com\/wp-content\/uploads\/woodstove.jpg?id=489) !important;background-position: center !important;background-repeat: no-repeat !important;background-size: cover !important;}&#8220;][vc_column_text el_class=&#8220;center&#8220;]<\/p>\n<h2>Wilmont woodstove<\/h2>\n<h3>Holzofen<\/h3>\n<p>[\/vc_column_text][\/vc_column][\/vc_row]<\/p>\n","protected":false},"excerpt":{"rendered":"<p>[vc_row full_width=&#8220;stretch_row&#8220; equal_height=&#8220;yes&#8220; content_placement=&#8220;middle&#8220; el_class=&#8220;nieuwsgierig-box&#8220; el_id=&#8220;nieuwsgierig&#8220;][vc_column][vc_column_text el_class=&#8220;center&#8220;] EXEKUTIVEN Der Wilmont-Holzofen wurde sandgestrahlt und mit hitzebest\u00e4ndiger Farbe gestrichen, die Bedienelemente sind&#8230;<\/p>\n","protected":false},"author":1,"featured_media":0,"parent":0,"menu_order":0,"comment_status":"closed","ping_status":"closed","template":"","meta":{"footnotes":""},"class_list":["post-1771","page","type-page","status-publish","hentry"],"_links":{"self":[{"href":"https:\/\/wilmontwoodstoves.com\/de\/wp-json\/wp\/v2\/pages\/1771","targetHints":{"allow":["GET"]}}],"collection":[{"href":"https:\/\/wilmontwoodstoves.com\/de\/wp-json\/wp\/v2\/pages"}],"about":[{"href":"https:\/\/wilmontwoodstoves.com\/de\/wp-json\/wp\/v2\/types\/page"}],"author":[{"embeddable":true,"href":"https:\/\/wilmontwoodstoves.com\/de\/wp-json\/wp\/v2\/users\/1"}],"replies":[{"embeddable":true,"href":"https:\/\/wilmontwoodstoves.com\/de\/wp-json\/wp\/v2\/comments?post=1771"}],"version-history":[{"count":3,"href":"https:\/\/wilmontwoodstoves.com\/de\/wp-json\/wp\/v2\/pages\/1771\/revisions"}],"predecessor-version":[{"id":1815,"href":"https:\/\/wilmontwoodstoves.com\/de\/wp-json\/wp\/v2\/pages\/1771\/revisions\/1815"}],"wp:attachment":[{"href":"https:\/\/wilmontwoodstoves.com\/de\/wp-json\/wp\/v2\/media?parent=1771"}],"curies":[{"name":"wp","href":"https:\/\/api.w.org\/{rel}","templated":true}]}}