{"id":1756,"date":"2022-11-08T15:01:26","date_gmt":"2022-11-08T15:01:26","guid":{"rendered":"https:\/\/wilmontwoodstoves.com\/stookwijze\/"},"modified":"2023-10-30T14:12:01","modified_gmt":"2023-10-30T14:12:01","slug":"anheizmethode","status":"publish","type":"page","link":"https:\/\/wilmontwoodstoves.com\/de\/anheizmethode\/","title":{"rendered":"Anheizmethode"},"content":{"rendered":"<p>[vc_row full_width=&#8220;stretch_row&#8220; css=&#8220;.vc_custom_1661332073830{padding-top: 90px !important;padding-bottom: 108px !important;}&#8220;][vc_column][vc_row_inner][vc_column_inner width=&#8220;2\/12&#8243;][\/vc_column_inner][vc_column_inner width=&#8220;8\/12&#8243;][vc_column_text el_class=&#8220;center&#8220;]<\/p>\n<h2>Anheizmethode<\/h2>\n<p>[\/vc_column_text][vc_column_text el_class=&#8220;center&#8220;]Die Holzbefeuerung eines Wilmont-Holzofens unterscheidet sich in einigen Punkten von der eines herk\u00f6mmlichen Holzofens.[\/vc_column_text][\/vc_column_inner][vc_column_inner width=&#8220;2\/12&#8243;][\/vc_column_inner][\/vc_row_inner][\/vc_column][\/vc_row][vc_row full_width=&#8220;stretch_row&#8220; el_class=&#8220;woodstove-map&#8220; css=&#8220;.vc_custom_1667920272793{padding-top: 80px !important;padding-bottom: 90px !important;background-color: #ffffff !important;}&#8220;][vc_column css=&#8220;.vc_custom_1661332497204{padding-top: 0px !important;}&#8220;][vc_row_inner css=&#8220;.vc_custom_1661332503565{padding-top: 0px !important;}&#8220;][vc_column_inner width=&#8220;1\/2&#8243;][vc_single_image image=&#8220;1362&#8243; img_size=&#8220;full&#8220;][\/vc_column_inner][vc_column_inner width=&#8220;1\/2&#8243;][vc_column_text]<\/p>\n<h3>woodstove<\/h3>\n<h3>BENUTZUNG DER HAUPTT\u00dcR<\/h3>\n<p>[\/vc_column_text][vc_column_text]Die Hauptt\u00fcr eines Wilmont Kaminofens wird nur zum Anz\u00fcnden und Reinigen des Ofens verwendet. Dies ist die runde T\u00fcr zur Hauptbrennkammer. Sobald der Ofen brennt, schlie\u00dfen Sie die T\u00fcr und sie bleibt auch geschlossen.[\/vc_column_text][\/vc_column_inner][\/vc_row_inner][\/vc_column][\/vc_row][vc_row full_width=&#8220;stretch_row&#8220; css=&#8220;.vc_custom_1661344999868{border-top-width: 5px !important;border-bottom-width: 5px !important;padding-top: 60px !important;padding-bottom: 105px !important;background-image: url(https:\/\/wilmontwoodstoves.com\/wp-content\/uploads\/Schermafbeelding-2022-07-26-om-14.02.58.png?id=521) !important;background-position: center !important;background-repeat: no-repeat !important;background-size: cover !important;border-top-color: #e1b833 !important;border-top-style: solid !important;border-bottom-color: #e1b833 !important;border-bottom-style: solid !important;}&#8220; el_class=&#8220;wilmont-box bbtn&#8220;][vc_column css=&#8220;.vc_custom_1661333260706{padding-top: 0px !important;}&#8220;][vc_row_inner][vc_column_inner width=&#8220;1\/2&#8243;][vc_column_text]<\/p>\n<h3 class=\"white-color\">Einzigartig<\/h3>\n<h3>AUTOMATISCHE REGULIERUNG<\/h3>\n<p>[\/vc_column_text][vc_column_text]Da sich das Feuer selbst reguliert, bleibt die Ofent\u00fcr w\u00e4hrend des gesamten Brennvorgangs geschlossen. Sie m\u00fcssen weder Holz nachlegen noch mit dem Sch\u00fcrhaken die Glut umschichten, um das Feuer erneut anzufachen.<br \/>\n[\/vc_column_text][\/vc_column_inner][vc_column_inner width=&#8220;1\/2&#8243;][\/vc_column_inner][\/vc_row_inner][\/vc_column][\/vc_row][vc_row full_width=&#8220;stretch_row&#8220; css=&#8220;.vc_custom_1661332073830{padding-top: 90px !important;padding-bottom: 108px !important;}&#8220;][vc_column][vc_row_inner][vc_column_inner width=&#8220;2\/12&#8243;][\/vc_column_inner][vc_column_inner width=&#8220;8\/12&#8243;][vc_column_text el_class=&#8220;center&#8220;]<\/p>\n<h2>VERWENDUNG DES HOLZES<\/h2>\n<p>[\/vc_column_text][vc_column_text el_class=&#8220;center&#8220;]Das Holz, das Sie f\u00fcr den Wilmont-Holzofen verwenden, ist das gleiche wie bei einem herk\u00f6mmlichen Holzofen. Wie bei anderen \u00d6fen sollte das Holz nicht zu nass sein. Der Feuchtigkeitsgehalt sollte zwischen 12 und maximal 20 Prozent liegen.<\/p>\n<p>Wie bei einem herk\u00f6mmlichen Ofen brennen schwere H\u00f6lzer l\u00e4nger als leichte H\u00f6lzer. Leichtes Holz wie Weide oder Birke brennt schneller aus, aber dank der automatischen Zuf\u00fchrung befindet sich immer die richtige Menge Brennstoff in der Brennkammer f\u00fcr ein sch\u00f6nes, gleichm\u00e4\u00dfiges Feuer.<\/p>\n<p>Die Holzscheite k\u00f6nnen auch l\u00e4nger als normal sein, solange sie in die Rohre passen.<br \/>\n[\/vc_column_text][\/vc_column_inner][vc_column_inner width=&#8220;2\/12&#8243;][\/vc_column_inner][\/vc_row_inner][\/vc_column][\/vc_row][vc_row full_width=&#8220;stretch_row_content&#8220; equal_height=&#8220;yes&#8220; content_placement=&#8220;middle&#8220; el_class=&#8220;two-box&#8220;][vc_column width=&#8220;1\/2&#8243; css=&#8220;.vc_custom_1661329156048{background-image: url(https:\/\/wilmontwoodstoves.com\/wp-content\/uploads\/img-bivak1.jpg?id=481) !important;background-position: center !important;background-repeat: no-repeat !important;background-size: cover !important;}&#8220;][vc_column_text el_class=&#8220;center&#8220;]<\/p>\n<h2>Wilmont BIVAK<\/h2>\n<h3>Terrassenofen<\/h3>\n<p>[\/vc_column_text][\/vc_column][vc_column width=&#8220;1\/2&#8243; css=&#8220;.vc_custom_1693388064809{background-image: url(https:\/\/wilmontwoodstoves.com\/wp-content\/uploads\/woodstove.jpg?id=489) !important;background-position: center !important;background-repeat: no-repeat !important;background-size: cover !important;}&#8220;][vc_column_text el_class=&#8220;center&#8220;]<\/p>\n<h2>Wilmont woodstove<\/h2>\n<h3>Holzofen<\/h3>\n<p>[\/vc_column_text][\/vc_column][\/vc_row][vc_row full_width=&#8220;stretch_row&#8220; equal_height=&#8220;yes&#8220; content_placement=&#8220;middle&#8220; el_class=&#8220;nieuwsgierig-box&#8220; el_id=&#8220;nieuwsgierig&#8220;][vc_column][vc_column_text el_class=&#8220;center&#8220;]<\/p>\n<h3>Neugierig geworden?<\/h3>\n<p>[\/vc_column_text][vc_btn title=&#8220;Kontakt aufnehmen&#8220; align=&#8220;center&#8220; link=&#8220;url:%2Fcontact%2F|title:contact&#8220;][\/vc_column][\/vc_row]<\/p>\n","protected":false},"excerpt":{"rendered":"<p>[vc_row full_width=&#8220;stretch_row&#8220; css=&#8220;.vc_custom_1661332073830{padding-top: 90px !important;padding-bottom: 108px !important;}&#8220;][vc_column][vc_row_inner][vc_column_inner width=&#8220;2\/12&#8243;][\/vc_column_inner][vc_column_inner width=&#8220;8\/12&#8243;][vc_column_text el_class=&#8220;center&#8220;] Anheizmethode [\/vc_column_text][vc_column_text el_class=&#8220;center&#8220;]Die Holzbefeuerung eines Wilmont-Holzofens unterscheidet sich in einigen&#8230;<\/p>\n","protected":false},"author":1,"featured_media":0,"parent":0,"menu_order":0,"comment_status":"closed","ping_status":"closed","template":"","meta":{"footnotes":""},"class_list":["post-1756","page","type-page","status-publish","hentry"],"_links":{"self":[{"href":"https:\/\/wilmontwoodstoves.com\/de\/wp-json\/wp\/v2\/pages\/1756","targetHints":{"allow":["GET"]}}],"collection":[{"href":"https:\/\/wilmontwoodstoves.com\/de\/wp-json\/wp\/v2\/pages"}],"about":[{"href":"https:\/\/wilmontwoodstoves.com\/de\/wp-json\/wp\/v2\/types\/page"}],"author":[{"embeddable":true,"href":"https:\/\/wilmontwoodstoves.com\/de\/wp-json\/wp\/v2\/users\/1"}],"replies":[{"embeddable":true,"href":"https:\/\/wilmontwoodstoves.com\/de\/wp-json\/wp\/v2\/comments?post=1756"}],"version-history":[{"count":5,"href":"https:\/\/wilmontwoodstoves.com\/de\/wp-json\/wp\/v2\/pages\/1756\/revisions"}],"predecessor-version":[{"id":1911,"href":"https:\/\/wilmontwoodstoves.com\/de\/wp-json\/wp\/v2\/pages\/1756\/revisions\/1911"}],"wp:attachment":[{"href":"https:\/\/wilmontwoodstoves.com\/de\/wp-json\/wp\/v2\/media?parent=1756"}],"curies":[{"name":"wp","href":"https:\/\/api.w.org\/{rel}","templated":true}]}}