{"id":1746,"date":"2022-01-28T15:39:59","date_gmt":"2022-01-28T15:39:59","guid":{"rendered":"https:\/\/wilmontwoodstoves.com\/privacybeleid\/"},"modified":"2023-08-30T09:05:48","modified_gmt":"2023-08-30T09:05:48","slug":"datenschutzbestimmungen","status":"publish","type":"page","link":"https:\/\/wilmontwoodstoves.com\/de\/datenschutzbestimmungen\/","title":{"rendered":"Datenschutzbestimmungen"},"content":{"rendered":"\r\n<h2 class=\"wp-block-heading\">Personenbezogene Daten, die wir verarbeiten<\/h2>\r\n<p>Wir verarbeiten Ihre personenbezogenen Daten, weil Sie unsere Dienste nutzen und\/oder weil Sie uns diese Daten selbst zur Verf\u00fcgung stellen. Im Folgenden finden Sie einen \u00dcberblick \u00fcber die personenbezogenen Daten, die wir verarbeiten:<\/p>\r\n<p>&#8211; Vor- und Nachname<br \/>&#8211; Adressdaten<br \/>&#8211; Telefon-Nummer<br \/>&#8211; E-Mail Adresse<br \/>&#8211; Sonstige personenbezogene Daten, die Sie uns aktiv zur Verf\u00fcgung stellen, z. B. durch das Anlegen eines Profils auf dieser Website, im Schriftverkehr und per Telefon<\/p>\r\n<h2>Besondere und\/oder sensible personenbezogene Daten, die wir verarbeiten<\/h2>\r\n<p>Unsere Website und\/oder unser Dienst beabsichtigt nicht, Daten von Website-Besuchern unter 16 Jahren zu sammeln. Es sei denn, sie haben die Erlaubnis ihrer Eltern oder Erziehungsberechtigten. Wir k\u00f6nnen jedoch nicht \u00fcberpr\u00fcfen, ob ein Besucher \u00e4lter als 16 Jahre ist. Wir raten daher den Eltern, sich mit den Online-Aktivit\u00e4ten ihrer Kinder zu befassen, um zu vermeiden, dass ohne elterliche Zustimmung Daten \u00fcber Kinder gesammelt werden. Wenn Sie davon \u00fcberzeugt sind, dass wir personenbezogene Daten \u00fcber einen Minderj\u00e4hrigen ohne eine solche Zustimmung gesammelt haben, setzen Sie sich bitte mit uns in Verbindung, und wir werden diese Informationen l\u00f6schen.<\/p>\r\n<h2>Zu welchem Zweck und auf welcher Grundlage wir personenbezogene Daten verarbeiten<\/h2>\r\n<p>Wir verarbeiten Ihre personenbezogenen Daten f\u00fcr die folgenden Zwecke:<\/p>\r\n<p>&#8211; Sie anzurufen oder Ihnen eine E-Mail zu schicken, falls dies zur Erbringung unserer Dienstleistungen erforderlich ist<br \/>&#8211; um Sie \u00fcber \u00c4nderungen unserer Dienstleistungen und Produkte zu informieren<\/p>\r\n<h2>Automatisierte Entscheidungsfindung<\/h2>\r\n<p>Wir treffen keine Entscheidungen \u00fcber Angelegenheiten, die Einzelpersonen (erheblich) beeintr\u00e4chtigen k\u00f6nnten, auf der Grundlage einer automatisierten Verarbeitung. Dabei handelt es sich um Entscheidungen, die von Computerprogrammen oder -systemen getroffen werden, ohne dass eine Person (z. B. ein Mitarbeiter) beteiligt ist.<\/p>\r\n<h3>Wie lange wir personenbezogene Daten aufbewahren<\/h3>\r\n<p>Wir bewahren Ihre personenbezogenen Daten nur so lange auf, wie es unbedingt notwendig ist, um die Zwecke zu erf\u00fcllen, f\u00fcr die Ihre Daten erhoben wurden. Wir verwenden die folgenden Aufbewahrungsfristen f\u00fcr die folgenden (Kategorien) personenbezogener Daten<\/p>\r\n<p>&#8211; Vor- und Nachname: maximal 5 Jahre, wenn sie nicht mehr gesetzlich erforderlich oder f\u00fcr die Erf\u00fcllung des Vertrags notwendig sind;<br \/>&#8211; Adressdaten: maximal 5 Jahre, wenn sie nicht mehr gesetzlich erforderlich oder f\u00fcr die Erf\u00fcllung des Vertrags notwendig sind;<br \/>&#8211; Telefonnummer: bis zu 5 Jahre, wenn nicht mehr gesetzlich vorgeschrieben oder f\u00fcr die Erf\u00fcllung des Vertrags erforderlich;<br \/>&#8211; E-Mail-Adresse: bis zu 5 Jahre, wenn nicht mehr gesetzlich erforderlich oder f\u00fcr die Erf\u00fcllung des Vertrages notwendig;<br \/>&#8211; Sonstige personenbezogene Daten, die Sie aktiv zur Verf\u00fcgung stellen, z. B. bei der Erstellung eines Profils auf dieser Website, in der Korrespondenz und am Telefon: bis zu 5 Jahre, wenn sie nicht mehr gesetzlich erforderlich oder f\u00fcr die Ausf\u00fchrung des Vertrags notwendig sind;<br \/>&#8211; Bankkontonummer: bis zu 5 Jahre, wenn sie nicht mehr rechtlich erforderlich oder f\u00fcr die Ausf\u00fchrung des Vertrags notwendig sind;<\/p>\r\n<h2>Weitergabe personenbezogener Daten an Dritte<\/h2>\r\n<p>Wir verkaufen Ihre Daten nicht an Dritte und geben sie nur weiter, wenn dies f\u00fcr die Erf\u00fcllung unserer Vereinbarung mit Ihnen oder zur Erf\u00fcllung einer gesetzlichen Verpflichtung erforderlich ist. Mit Unternehmen, die Ihre Daten in unserem Auftrag verarbeiten, schlie\u00dfen wir einen Auftragsverarbeitungsvertrag ab, um das gleiche Ma\u00df an Sicherheit und Vertraulichkeit Ihrer Daten zu gew\u00e4hrleisten. Wir bleiben f\u00fcr diese Verarbeitung verantwortlich.<\/p>\r\n<h2>Cookies oder \u00e4hnliche Techniken, die wir verwenden<\/h2>\r\n<p>Wir verwenden funktionale, analytische und Tracking-Cookies. Ein Cookie ist eine kleine Textdatei, die im Browser Ihres Computers, Tablets oder Smartphones gespeichert wird, wenn Sie diese Website zum ersten Mal besuchen. Wir verwenden Cookies mit einer rein technischen Funktion. Diese sorgen daf\u00fcr, dass die Website ordnungsgem\u00e4\u00df funktioniert und dass beispielsweise Ihre Pr\u00e4ferenzen gespeichert werden. Diese Cookies werden auch verwendet, um das Funktionieren der Website zu gew\u00e4hrleisten und sie zu optimieren. Au\u00dferdem platzieren wir Cookies, die Ihr Surfverhalten verfolgen, damit wir Ihnen ma\u00dfgeschneiderte Inhalte und Werbung anbieten k\u00f6nnen. Bei Ihrem ersten Besuch auf unserer Website haben wir Sie bereits \u00fcber diese Cookies informiert und um Ihr Einverst\u00e4ndnis gebeten, sie zu platzieren. Sie k\u00f6nnen die Verwendung von Cookies ablehnen, indem Sie Ihren Internet-Browser so konfigurieren, dass er keine Cookies mehr speichert. Sie k\u00f6nnen auch alle zuvor gespeicherten Informationen \u00fcber Ihre Browsereinstellungen l\u00f6schen. F\u00fcr eine Erkl\u00e4rung siehe: https:\/\/veiliginternetten.nl\/themes\/situatie\/cookies-wat-zijn-het-en-wat-doe-ik-ermee\/<\/p>\r\n<h2>Einsichtnahme, Berichtigung oder L\u00f6schung von Daten<\/h2>\r\n<p>Sie haben das Recht, Ihre personenbezogenen Daten einzusehen, zu berichtigen oder zu l\u00f6schen. Dar\u00fcber hinaus haben Sie das Recht, Ihre eventuelle Einwilligung zur Datenverarbeitung zu widerrufen oder der Verarbeitung Ihrer personenbezogenen Daten durch uns zu widersprechen, und Sie haben das Recht auf Daten\u00fcbertragbarkeit. Das bedeutet, dass Sie bei uns beantragen k\u00f6nnen, dass die personenbezogenen Daten, die wir \u00fcber Sie in einer Computerdatei gespeichert haben, an Sie oder eine andere von Ihnen benannte Organisation \u00fcbermittelt werden. Sie k\u00f6nnen uns einen Antrag auf Einsichtnahme, Berichtigung, L\u00f6schung, \u00dcbertragung Ihrer personenbezogenen Daten oder einen Antrag auf Widerruf Ihrer Einwilligung oder Widerspruch gegen die Verarbeitung Ihrer personenbezogenen Daten \u00fcbermitteln. Um sicherzustellen, dass der Antrag auf Einsichtnahme von Ihnen gestellt wird, bitten wir Sie, dem Antrag eine Kopie Ihres Identit\u00e4tsnachweises beizuf\u00fcgen. Schw\u00e4rzen Sie in dieser Kopie Ihr Passfoto, die MRZ (maschinenlesbare Zone, der Zahlenstreifen am unteren Rand des Passes), die Passnummer und die B\u00fcrgerservicenummer (BSN). Dies dient dem Schutz Ihrer Privatsph\u00e4re. Wir werden Ihren Antrag so schnell wie m\u00f6glich, jedoch innerhalb von vier Wochen, beantworten. Wir m\u00f6chten Sie auch darauf hinweisen, dass Sie die M\u00f6glichkeit haben, eine Beschwerde bei der nationalen Aufsichtsbeh\u00f6rde, der Beh\u00f6rde f\u00fcr personenbezogene Daten, einzureichen. Sie k\u00f6nnen dies \u00fcber den folgenden Link tun: https:\/\/autoriteitpersoonsgegevens.nl\/nl\/contact-met-de-autoriteit-persoonsgegevens\/tip-ons<\/p>\r\n<h2>Wie wir personenbezogene Daten sch\u00fctzen<\/h2>\r\n<p>Wir nehmen den Schutz Ihrer Daten ernst und ergreifen geeignete Ma\u00dfnahmen, um Missbrauch, Verlust, unbefugtem Zugriff, unerw\u00fcnschter Offenlegung und unbefugter \u00c4nderung entgegenzuwirken. Sollten Sie dennoch den Eindruck haben, dass Ihre Daten nicht ordnungsgem\u00e4\u00df gesichert sind oder es Anzeichen f\u00fcr einen Missbrauch gibt, wenden Sie sich bitte an uns.<\/p>\r\n","protected":false},"excerpt":{"rendered":"<p>Personenbezogene Daten, die wir verarbeiten Wir verarbeiten Ihre personenbezogenen Daten, weil Sie unsere Dienste nutzen und\/oder weil Sie uns diese&#8230;<\/p>\n","protected":false},"author":1,"featured_media":0,"parent":0,"menu_order":0,"comment_status":"closed","ping_status":"open","template":"","meta":{"footnotes":""},"class_list":["post-1746","page","type-page","status-publish","hentry"],"_links":{"self":[{"href":"https:\/\/wilmontwoodstoves.com\/de\/wp-json\/wp\/v2\/pages\/1746","targetHints":{"allow":["GET"]}}],"collection":[{"href":"https:\/\/wilmontwoodstoves.com\/de\/wp-json\/wp\/v2\/pages"}],"about":[{"href":"https:\/\/wilmontwoodstoves.com\/de\/wp-json\/wp\/v2\/types\/page"}],"author":[{"embeddable":true,"href":"https:\/\/wilmontwoodstoves.com\/de\/wp-json\/wp\/v2\/users\/1"}],"replies":[{"embeddable":true,"href":"https:\/\/wilmontwoodstoves.com\/de\/wp-json\/wp\/v2\/comments?post=1746"}],"version-history":[{"count":3,"href":"https:\/\/wilmontwoodstoves.com\/de\/wp-json\/wp\/v2\/pages\/1746\/revisions"}],"predecessor-version":[{"id":1749,"href":"https:\/\/wilmontwoodstoves.com\/de\/wp-json\/wp\/v2\/pages\/1746\/revisions\/1749"}],"wp:attachment":[{"href":"https:\/\/wilmontwoodstoves.com\/de\/wp-json\/wp\/v2\/media?parent=1746"}],"curies":[{"name":"wp","href":"https:\/\/api.w.org\/{rel}","templated":true}]}}