{"id":1736,"date":"2022-08-23T10:59:11","date_gmt":"2022-08-23T10:59:11","guid":{"rendered":"https:\/\/wilmontwoodstoves.com\/over-wilmont\/"},"modified":"2023-10-30T14:04:06","modified_gmt":"2023-10-30T14:04:06","slug":"ueber-wilmont","status":"publish","type":"page","link":"https:\/\/wilmontwoodstoves.com\/de\/ueber-wilmont\/","title":{"rendered":"\u00dcber Wilmont"},"content":{"rendered":"<p>[vc_row][vc_column][vc_empty_space][vc_row_inner content_placement=&#8220;middle&#8220;][vc_column_inner width=&#8220;2\/3&#8243;][vc_column_text]<\/p>\n<h3>Eine einzigartige Geschichte<\/h3>\n<p>Der Wilmont-Holzofen hat eine au\u00dfergew\u00f6hnliche Entstehungsgeschichte. Im Jahr 2004 kaufte der Maschinenbauingenieur Martijn van Rossum ein altes, bauf\u00e4lliges Bauernhaus in Goch, Deutschland. Mit wenig Geld, aber viel gesundem Menschenverstand, beginnt er mit der Renovierung des Hauses.[\/vc_column_text][vc_column_text]Allererst macht er eine angrenzende Scheune vor\u00fcbergehend bewohnbar. Als W\u00e4rmequelle besorgt er sich einen antiken Holzofen. Der funktioniert gut, aber er muss jede halbe Stunde Holz nachlegen. Seiner Meinung nach h\u00e4lt ihn das zu oft und zu sehr von seiner Arbeit ab. Er beginnt \u00fcber einen Ofen nachzudenken, der viel l\u00e4nger selbstst\u00e4ndig brennen kann. Er baut mehrere Prototypen. Jedes Mal \u00fcberwindet er technische Probleme und jedes Mal werden die \u00d6fen besser und sauberer. Zehn Jahre nach dem ersten Entwurf bringt Martijn van Rossum den ersten handgefertigten <span style=\"color: #e0b833;\"><a style=\"color: #e0b833;\" href=\"\/de\/produkt\/wilmont-holzofen\/\">Wilmont-Holzofen<\/a><\/span> auf den Markt.[\/vc_column_text][\/vc_column_inner][vc_column_inner width=&#8220;1\/3&#8243;][vc_single_image image=&#8220;1586&#8243; img_size=&#8220;Full&#8220; alignment=&#8220;center&#8220; style=&#8220;vc_box_rounded&#8220;][vc_btn title=&#8220;\u00d6fen ansehen&#8220; style=&#8220;btn-custom2&#8243; i_icon_fontawesome=&#8220;fas fa-angle-double-right&#8220; add_icon=&#8220;true&#8220; el_class=&#8220;white-btn&#8220; link=&#8220;url:%2Fde%2Fkaminofen%2F|title:Kachels&#8220;][\/vc_column_inner][\/vc_row_inner][\/vc_column][\/vc_row][vc_row full_width=&#8220;stretch_row&#8220; css=&#8220;.vc_custom_1673872408514{border-top-width: 5px !important;border-bottom-width: 5px !important;background-image: url(https:\/\/wilmontwoodstoves.com\/wp-content\/uploads\/Ontwerp-zonder-titel-19.png?id=865) !important;background-position: center !important;background-repeat: no-repeat !important;background-size: cover !important;border-top-color: #e1b833 !important;border-top-style: solid !important;border-bottom-color: #e1b833 !important;border-bottom-style: solid !important;}&#8220;][vc_column width=&#8220;1\/2&#8243;][\/vc_column][vc_column width=&#8220;1\/2&#8243;][vc_column_text]<\/p>\n<h3>UNSERE ARBEITSWEISE<\/h3>\n<p>Wilmont-Kamin\u00f6fen werden von uns (Martijn, Jos, Patrick und Frans) in begrenzter St\u00fcckzahl von Hand gefertigt. Wir m\u00f6chten die Produktion nicht auslagern, weil bei einem technisch hochentwickelten Ofen die Qualit\u00e4t der einzelnen Komponenten und der Endmontage gut sein muss, um einen st\u00f6rungsfreien Betrieb zu gew\u00e4hrleisten.<\/p>\n<p>Die vielen Stunden Handarbeit f\u00fchren zu einem hohen Selbstkostenpreis. Um den Verkaufspreis des Ofens im Rahmen zu halten, verkaufen wir direkt und k\u00f6nnen wir nicht mit H\u00e4ndler zusammenarbeiten.<\/p>\n<p>Der Terrassenofen Wilmont Bivak kann direkt hier auf der Website bestellt werden. F\u00fcr den BF9 rufen Sie uns bitte an oder schicken uns eine E-Mail. Marije oder Martijn freuen sich \u00fcber Ihre Kontaktaufnahme und stehen Ihnen jederzeit gerne f\u00fcr Ausk\u00fcnfte zur Verf\u00fcgung.[\/vc_column_text][vc_row_inner css=&#8220;.vc_custom_1673872439069{padding-bottom: 15px !important;}&#8220;][vc_column_inner width=&#8220;1\/2&#8243;][vc_btn title=&#8220;Rufen Sie uns an&#8220; i_icon_fontawesome=&#8220;fas fa-phone-alt&#8220; add_icon=&#8220;true&#8220; link=&#8220;url:tel%3A0628718800&#8243;][\/vc_column_inner][vc_column_inner width=&#8220;1\/2&#8243;][vc_btn title=&#8220;Senden Sie eine E-Mail&#8220; i_icon_fontawesome=&#8220;far fa-envelope&#8220; add_icon=&#8220;true&#8220; link=&#8220;url:mailto%3Ainfo%40wilmontwoodstoves.com&#8220;][\/vc_column_inner][\/vc_row_inner][\/vc_column][\/vc_row][vc_row css=&#8220;.vc_custom_1673874350147{border-bottom-width: 5px !important;padding-top: 16px !important;padding-bottom: 16px !important;background-position: center !important;background-repeat: no-repeat !important;background-size: cover !important;}&#8220;][vc_column][vc_column_text]<\/p>\n<h3 style=\"text-align: center;\">Das Team<\/h3>\n<p>[\/vc_column_text][vc_row_inner][vc_column_inner width=&#8220;1\/3&#8243;][vc_column_text]<\/p>\n<h3 style=\"text-align: center;\"><strong>Martijn<\/strong><\/h3>\n<p>[\/vc_column_text][vc_single_image image=&#8220;1596&#8243; img_size=&#8220;230&#215;230&#8243; alignment=&#8220;center&#8220; style=&#8220;vc_box_circle&#8220;][\/vc_column_inner][vc_column_inner width=&#8220;1\/3&#8243;][vc_column_text]<\/p>\n<h3 style=\"text-align: center;\"><strong>Jos<\/strong><\/h3>\n<p>[\/vc_column_text][vc_single_image image=&#8220;1598&#8243; img_size=&#8220;230&#215;230&#8243; alignment=&#8220;center&#8220; style=&#8220;vc_box_circle&#8220;][\/vc_column_inner][vc_column_inner width=&#8220;1\/3&#8243;][vc_column_text]<\/p>\n<h3 style=\"text-align: center;\"><strong>Marije<\/strong><\/h3>\n<p>[\/vc_column_text][vc_single_image image=&#8220;1600&#8243; img_size=&#8220;medium&#8220; alignment=&#8220;center&#8220; style=&#8220;vc_box_circle&#8220;][\/vc_column_inner][\/vc_row_inner][\/vc_column][\/vc_row][vc_row full_width=&#8220;stretch_row&#8220; el_class=&#8220;wilmont-box&#8220; css=&#8220;.vc_custom_1672149461541{border-top-width: 5px !important;border-bottom-width: 5px !important;padding-top: 28px !important;padding-bottom: 80px !important;background-image: url(https:\/\/wilmontwoodstoves.com\/wp-content\/uploads\/wilmontws-1.png?id=787) !important;background-position: center !important;background-repeat: no-repeat !important;background-size: cover !important;border-top-color: #e1b833 !important;border-top-style: solid !important;border-bottom-color: #e1b833 !important;border-bottom-style: solid !important;}&#8220;][vc_column width=&#8220;1\/2&#8243;][vc_column_text]<\/p>\n<h3>Der Holzofen BF9<\/h3>\n<p>Einzigartiges, industrielles Design. Ausgezeichneter Effizienz. Sehr saubere Verbrennung und hohe Benutzerfreundlichkeit: bis zu 8 Stunden Brenndauer ohne Nachlegen. Wir sind stolz auf diesen besonderen Kaminofen, der mit keinem anderen Holzofen zu vergleichen ist.<\/p>\n<p>Der Wilmont-Kaminofen brennt stundenlang ohne nachf\u00fcllen und Sie k\u00f6nnen die angenehme W\u00e4rme, das bezaubernde Flammenspiel und nicht zuletzt den Kaminofen selbst genie\u00dfen. In dieser Zeit gibt der Ofen seine W\u00e4rme gleichm\u00e4\u00dfig ab. Erst nach 4 bis 8 Stunden ist es notwendig, den Wilmont nachzuf\u00fcllen.<br \/>\n[\/vc_column_text][vc_btn title=&#8220;BF9 ansehen &#8220; el_class=&#8220;white-btn&#8220; link=&#8220;url:%2Fde%2Fprodukt%2Fwilmont-holzofen%2F|title:Wilmont%20Houtkachel&#8220;][\/vc_column][vc_column width=&#8220;1\/2&#8243;][\/vc_column][\/vc_row][vc_row full_width=&#8220;stretch_row&#8220; el_class=&#8220;wilmont-box&#8220; css=&#8220;.vc_custom_1671462454788{border-top-width: 5px !important;border-bottom-width: 5px !important;padding-top: 28px !important;padding-bottom: 80px !important;background-image: url(https:\/\/wilmontwoodstoves.com\/wp-content\/uploads\/bivak-2-1.png?id=761) !important;background-position: center !important;background-repeat: no-repeat !important;background-size: cover !important;border-top-color: #e1b833 !important;border-top-style: solid !important;border-bottom-color: #e1b833 !important;border-bottom-style: solid !important;}&#8220;][vc_column width=&#8220;1\/2&#8243;][\/vc_column][vc_column width=&#8220;1\/2&#8243;][vc_column_text]<\/p>\n<h2>Siehe auch den Bivak &#8211; Terrassenofen<\/h2>\n<p>Der Wilmont BIVAK ist ein attraktiver, holzbefeuerter Terrassenofen mit einem wundersch\u00f6nen, einzigartigen Flammenbild und herrlicher Strahlungsw\u00e4rme.<br \/>\nDer Kaminofen ist von hoher Qualit\u00e4t und besteht aus rostfreiem Stahl, so dass der Ofen nicht rostet und keine Rostflecken auf der Terrasse hinterl\u00e4sst.<\/p>\n<p>Dank des innovativen Verbrennungssystems ist die Verbrennung fast vollst\u00e4ndig, die Rauchgase sind sauber und transparent und stinken nicht. So k\u00f6nnen Sie ein gem\u00fctliches Feuer auf Ihrer Terrasse <span style=\"font-weight: 400;\">genie\u00dfen<\/span>, ohne sich und Ihre Nachbarn dem Rauch auszusetzen.[\/vc_column_text][vc_btn title=&#8220;Wilmont Bivak ansehen&#8220; el_class=&#8220;white-btn&#8220; link=&#8220;url:%2Fde%2Fprodukt%2Fwilmont-terrassenheizer%2F|title:Wilmont%20terraskachel&#8220;][\/vc_column][\/vc_row][vc_row][vc_column][\/vc_column][\/vc_row]<\/p>\n","protected":false},"excerpt":{"rendered":"<p>[vc_row][vc_column][vc_empty_space][vc_row_inner content_placement=&#8220;middle&#8220;][vc_column_inner width=&#8220;2\/3&#8243;][vc_column_text] Eine einzigartige Geschichte Der Wilmont-Holzofen hat eine au\u00dfergew\u00f6hnliche Entstehungsgeschichte. Im Jahr 2004 kaufte der Maschinenbauingenieur Martijn van&#8230;<\/p>\n","protected":false},"author":2,"featured_media":1590,"parent":0,"menu_order":0,"comment_status":"closed","ping_status":"closed","template":"","meta":{"footnotes":""},"class_list":["post-1736","page","type-page","status-publish","has-post-thumbnail","hentry"],"_links":{"self":[{"href":"https:\/\/wilmontwoodstoves.com\/de\/wp-json\/wp\/v2\/pages\/1736","targetHints":{"allow":["GET"]}}],"collection":[{"href":"https:\/\/wilmontwoodstoves.com\/de\/wp-json\/wp\/v2\/pages"}],"about":[{"href":"https:\/\/wilmontwoodstoves.com\/de\/wp-json\/wp\/v2\/types\/page"}],"author":[{"embeddable":true,"href":"https:\/\/wilmontwoodstoves.com\/de\/wp-json\/wp\/v2\/users\/2"}],"replies":[{"embeddable":true,"href":"https:\/\/wilmontwoodstoves.com\/de\/wp-json\/wp\/v2\/comments?post=1736"}],"version-history":[{"count":6,"href":"https:\/\/wilmontwoodstoves.com\/de\/wp-json\/wp\/v2\/pages\/1736\/revisions"}],"predecessor-version":[{"id":1738,"href":"https:\/\/wilmontwoodstoves.com\/de\/wp-json\/wp\/v2\/pages\/1736\/revisions\/1738"}],"wp:featuredmedia":[{"embeddable":true,"href":"https:\/\/wilmontwoodstoves.com\/de\/wp-json\/wp\/v2\/media\/1590"}],"wp:attachment":[{"href":"https:\/\/wilmontwoodstoves.com\/de\/wp-json\/wp\/v2\/media?parent=1736"}],"curies":[{"name":"wp","href":"https:\/\/api.w.org\/{rel}","templated":true}]}}