{"id":1725,"date":"2022-08-23T10:58:54","date_gmt":"2022-08-23T10:58:54","guid":{"rendered":"https:\/\/wilmontwoodstoves.com\/kachels\/"},"modified":"2023-08-30T12:01:22","modified_gmt":"2023-08-30T12:01:22","slug":"kaminofen","status":"publish","type":"page","link":"https:\/\/wilmontwoodstoves.com\/de\/kaminofen\/","title":{"rendered":"Kaminofen"},"content":{"rendered":"<p>[vc_row full_width=&#8220;stretch_row&#8220; el_class=&#8220;product-box-1&#8243; css=&#8220;.vc_custom_1673431719171{border-top-width: 5px !important;border-bottom-width: 5px !important;padding-top: 28px !important;padding-bottom: 80px !important;background-image: url(https:\/\/wilmontwoodstoves.com\/wp-content\/uploads\/wilmontws-1.png?id=787) !important;background-position: center !important;background-repeat: no-repeat !important;background-size: cover !important;border-top-color: #e1b833 !important;border-top-style: solid !important;border-bottom-color: #e1b833 !important;border-bottom-style: solid !important;}&#8220;][vc_column width=&#8220;1\/2&#8243;][vc_column_text]<\/p>\n<h2>Unser einzigartiger Holzofen<\/h2>\n<p>Einzigartiges, industrielles Design. Ausgezeichneter Wirkungsgrad. Sehr saubere Verbrennung und hohe Benutzerfreundlichkeit: bis zu 8 Stunden Brenndauer ohne Nachlegen. Wir sind stolz auf diesen besonderen Kaminofen, der mit keinem anderen Holzofen verglichen werden kann.<\/p>\n<p>Sie k\u00f6nnen einen Wilmont-Kaminofen stundenlang alleine stehen lassen und die angenehme W\u00e4rme, die bezaubernden Flammen und nicht zuletzt den Kaminofen selbst genie\u00dfen. Erst nach 4 bis 8 Stunden m\u00fcssen Sie den Wilmont nachf\u00fcllen. In dieser Zeit gibt der Ofen seine W\u00e4rme gleichm\u00e4\u00dfig ab.[\/vc_column_text][vc_btn title=&#8220;Ansicht des einzigartigen Holzofens&#8220; el_class=&#8220;white-btn&#8220; link=&#8220;url:%2Fde%2Fprodukt%2Fwilmont-holzofen%2F|title:Wilmont%20Houtkachel&#8220;][\/vc_column][vc_column width=&#8220;1\/2&#8243;][\/vc_column][\/vc_row][vc_row full_width=&#8220;stretch_row&#8220; el_class=&#8220;product-box-2&#8243; css=&#8220;.vc_custom_1675782959495{border-top-width: 5px !important;border-bottom-width: 5px !important;padding-top: 28px !important;padding-bottom: 80px !important;background-image: url(https:\/\/wilmontwoodstoves.com\/wp-content\/uploads\/Ontwerp-zonder-titel-22-1.png?id=909) !important;background-position: center !important;background-repeat: no-repeat !important;background-size: cover !important;border-top-color: #e1b833 !important;border-top-style: solid !important;border-bottom-color: #e1b833 !important;border-bottom-style: solid !important;}&#8220;][vc_column width=&#8220;1\/2&#8243;][\/vc_column][vc_column width=&#8220;1\/2&#8243;][vc_column_text]<\/p>\n<h2>Siehe auch den Bivak &#8211; Terrassenofen<\/h2>\n<p>Der Wilmont BIVAK ist ein attraktiver, holzbefeuerter Terrassenofen mit einem wundersch\u00f6nen, einzigartigen Flammenbild und herrlicher Strahlungsw\u00e4rme.<br \/>\nDer Kaminofen ist von hoher Qualit\u00e4t und besteht aus rostfreiem Stahl, so dass der Ofen nicht rostet und keine Rostflecken auf der Terrasse hinterl\u00e4sst.<\/p>\n<p>Dank des innovativen Verbrennungssystems ist die Verbrennung nahezu vollst\u00e4ndig, die Rauchgase sind sauber und transparent und der vertraute Brandgeruch bleibt aus. So k\u00f6nnen Sie ein gem\u00fctliches Feuer auf Ihrer Terrasse haben, ohne sich und Ihre Nachbarn dem Rauch auszusetzen.[\/vc_column_text][vc_btn title=&#8220;Ansicht der Bivak-Terrassenheizung&#8220; el_class=&#8220;white-btn&#8220; link=&#8220;url:%2Fde%2Fprodukt%2Fwilmont-terrassenheizer%2F|title:Wilmont%20terraskachel&#8220;][\/vc_column][\/vc_row]<\/p>\n","protected":false},"excerpt":{"rendered":"<p>[vc_row full_width=&#8220;stretch_row&#8220; el_class=&#8220;product-box-1&#8243; css=&#8220;.vc_custom_1673431719171{border-top-width: 5px !important;border-bottom-width: 5px !important;padding-top: 28px !important;padding-bottom: 80px !important;background-image: url(https:\/\/wilmontwoodstoves.com\/wp-content\/uploads\/wilmontws-1.png?id=787) !important;background-position: center !important;background-repeat: no-repeat !important;background-size: cover !important;border-top-color:&#8230;<\/p>\n","protected":false},"author":2,"featured_media":0,"parent":0,"menu_order":0,"comment_status":"closed","ping_status":"closed","template":"","meta":{"footnotes":""},"class_list":["post-1725","page","type-page","status-publish","hentry"],"_links":{"self":[{"href":"https:\/\/wilmontwoodstoves.com\/de\/wp-json\/wp\/v2\/pages\/1725","targetHints":{"allow":["GET"]}}],"collection":[{"href":"https:\/\/wilmontwoodstoves.com\/de\/wp-json\/wp\/v2\/pages"}],"about":[{"href":"https:\/\/wilmontwoodstoves.com\/de\/wp-json\/wp\/v2\/types\/page"}],"author":[{"embeddable":true,"href":"https:\/\/wilmontwoodstoves.com\/de\/wp-json\/wp\/v2\/users\/2"}],"replies":[{"embeddable":true,"href":"https:\/\/wilmontwoodstoves.com\/de\/wp-json\/wp\/v2\/comments?post=1725"}],"version-history":[{"count":4,"href":"https:\/\/wilmontwoodstoves.com\/de\/wp-json\/wp\/v2\/pages\/1725\/revisions"}],"predecessor-version":[{"id":1810,"href":"https:\/\/wilmontwoodstoves.com\/de\/wp-json\/wp\/v2\/pages\/1725\/revisions\/1810"}],"wp:attachment":[{"href":"https:\/\/wilmontwoodstoves.com\/de\/wp-json\/wp\/v2\/media?parent=1725"}],"curies":[{"name":"wp","href":"https:\/\/api.w.org\/{rel}","templated":true}]}}