{"id":1713,"date":"2023-01-16T13:24:42","date_gmt":"2023-01-16T13:24:42","guid":{"rendered":"https:\/\/wilmontwoodstoves.com\/faq\/"},"modified":"2023-10-30T14:07:02","modified_gmt":"2023-10-30T14:07:02","slug":"faq","status":"publish","type":"page","link":"https:\/\/wilmontwoodstoves.com\/de\/faq\/","title":{"rendered":"FAQ"},"content":{"rendered":"<p>[vc_row css=&#8220;.vc_custom_1673875728491{padding-top: 25px !important;}&#8220;][vc_column][vc_column_text]<\/p>\n<h3>Nachfolgend finden Sie eine \u00dcbersicht der am h\u00e4ufigsten gestellten Fragen<\/h3>\n<p>[\/vc_column_text][\/vc_column][\/vc_row][vc_row css=&#8220;.vc_custom_1673875717825{margin-top: 20px !important;margin-bottom: 20px !important;}&#8220;][vc_column][vc_tta_accordion style=&#8220;flat&#8220; color=&#8220;black&#8220; spacing=&#8220;5&#8243; gap=&#8220;5&#8243; c_align=&#8220;center&#8220; active_section=&#8220;0&#8243;][vc_tta_section title=&#8220;Was sind die Vorteile des BF9 gegen\u00fcber einem normalen Holzofen?&#8220; tab_id=&#8220;1673875326136-9e4c77c2-ac5f&#8220;][vc_column_text]<\/p>\n<p style=\"text-align: center;\">Lange Brenndauer, brennt auch bei schlechtem Holz sch\u00f6n konstant, kaum Geruchsbel\u00e4stigung f\u00fcr die Nachbarschaft, sehr geringe Verschmutzung im Inneren, da die Hauptt\u00fcr immer geschlossen bleibt (also kein Feinstaub im Inneren), sparsam im Holzverbrauch, gut steuerbar.<\/p>\n<p>[\/vc_column_text][\/vc_tta_section][vc_tta_section title=&#8220;F\u00fcr welchen Raum ist der BF9 geeignet?&#8220; tab_id=&#8220;1673875326147-2ed1b070-c0db&#8220;][vc_column_text]<\/p>\n<p style=\"text-align: center;\">Der BF9 ist ideal f\u00fcr gr\u00f6\u00dferen oder m\u00e4\u00dfig isolierten H\u00e4usern. Er hat eine sehr gute Heizleistung. Kontaktieren Sie uns, um sich beraten zu lassen.<\/p>\n<p>[\/vc_column_text][\/vc_tta_section][vc_tta_section title=&#8220;Was sind die Anforderungen an meinen Schornstein in Bezug auf die BF9?&#8220; tab_id=&#8220;1673875395514-b55cd960-95da&#8220;][vc_column_text]<\/p>\n<p style=\"text-align: center;\">Ein H\u00f6henunterschied von 7 Metern oder mehr zwischen der Unterseite des Ofens und der Oberseite des Schornsteins ist w\u00fcnschenswert. Dies h\u00e4ngt auch vom Ofenrohr ab.<\/p>\n<p>[\/vc_column_text][\/vc_tta_section][vc_tta_section title=&#8220;Bieten Sie auch die Installation des BF9 an?&#8220; tab_id=&#8220;1673875428307-95a20cac-8976&#8243;][vc_column_text]<\/p>\n<p style=\"text-align: center;\">Nein, wir besch\u00e4ftigen uns ausschlie\u00dflich mit der Herstellung von Holz\u00f6fen. F\u00fcr die Installation des Ofens k\u00f6nnen Sie einen Installateur beauftragen oder den Ofen selbst installieren.<\/p>\n<p style=\"text-align: center;\">Weitere Informationen finden Sie in der <a href=\"\/wp-content\/uploads\/Handleiding_Wilmont_BF-9_V1.2-1.pdf\">der Gebrauchsanleitung<\/a>.<\/p>\n<p>[\/vc_column_text][\/vc_tta_section][\/vc_tta_accordion][\/vc_column][\/vc_row]<\/p>\n","protected":false},"excerpt":{"rendered":"<p>[vc_row css=&#8220;.vc_custom_1673875728491{padding-top: 25px !important;}&#8220;][vc_column][vc_column_text] Nachfolgend finden Sie eine \u00dcbersicht der am h\u00e4ufigsten gestellten Fragen [\/vc_column_text][\/vc_column][\/vc_row][vc_row css=&#8220;.vc_custom_1673875717825{margin-top: 20px !important;margin-bottom: 20px !important;}&#8220;][vc_column][vc_tta_accordion&#8230;<\/p>\n","protected":false},"author":1,"featured_media":0,"parent":0,"menu_order":0,"comment_status":"closed","ping_status":"closed","template":"","meta":{"footnotes":""},"class_list":["post-1713","page","type-page","status-publish","hentry"],"_links":{"self":[{"href":"https:\/\/wilmontwoodstoves.com\/de\/wp-json\/wp\/v2\/pages\/1713","targetHints":{"allow":["GET"]}}],"collection":[{"href":"https:\/\/wilmontwoodstoves.com\/de\/wp-json\/wp\/v2\/pages"}],"about":[{"href":"https:\/\/wilmontwoodstoves.com\/de\/wp-json\/wp\/v2\/types\/page"}],"author":[{"embeddable":true,"href":"https:\/\/wilmontwoodstoves.com\/de\/wp-json\/wp\/v2\/users\/1"}],"replies":[{"embeddable":true,"href":"https:\/\/wilmontwoodstoves.com\/de\/wp-json\/wp\/v2\/comments?post=1713"}],"version-history":[{"count":3,"href":"https:\/\/wilmontwoodstoves.com\/de\/wp-json\/wp\/v2\/pages\/1713\/revisions"}],"predecessor-version":[{"id":1910,"href":"https:\/\/wilmontwoodstoves.com\/de\/wp-json\/wp\/v2\/pages\/1713\/revisions\/1910"}],"wp:attachment":[{"href":"https:\/\/wilmontwoodstoves.com\/de\/wp-json\/wp\/v2\/media?parent=1713"}],"curies":[{"name":"wp","href":"https:\/\/api.w.org\/{rel}","templated":true}]}}