{"id":1693,"date":"2022-11-08T15:43:13","date_gmt":"2022-11-08T15:43:13","guid":{"rendered":"https:\/\/wilmontwoodstoves.com\/bijzonder-ontwerp\/"},"modified":"2023-10-30T13:55:39","modified_gmt":"2023-10-30T13:55:39","slug":"das-wilmont-prinzip","status":"publish","type":"page","link":"https:\/\/wilmontwoodstoves.com\/de\/das-wilmont-prinzip\/","title":{"rendered":"DAS WILMONT PRINZIP"},"content":{"rendered":"<p>[vc_row][vc_column][vc_empty_space][\/vc_column][\/vc_row][vc_row full_width=&#8220;stretch_row&#8220; content_placement=&#8220;middle&#8220; css=&#8220;.vc_custom_1671458281592{padding-bottom: 90px !important;}&#8220;][vc_column width=&#8220;1\/2&#8243;][vc_column_text]<\/p>\n<h2>Das Wilmont-Prinzip<\/h2>\n<p>Der Wilmont-Kaminofen ist ein einzigartig konzipierter Holzofen mit speziellen Pufferkammern, die das Holz lagern und automatisch zuf\u00fchren. Der Ofen selbst funktioniert nach dem Prinzip eines Holzvergasers, mit einer Hauptbrennkammer und einer Nachverbrennungskammer: der Wirbelkammer. Dieser gew\u00e4hrleistet eine optimale Verbrennung der Flamme.[\/vc_column_text][vc_empty_space][vc_column_text]<\/p>\n<h2>Hauptbrennkammer<\/h2>\n<p>Der Hauptbrennraum befindet sich hinter der runden Hauptt\u00fcr auf der linken Seite. Sie verf\u00fcgt \u00fcber die Merkmale eines normalen Holzofens, wie z. B. einen Rost, eine Aschenschublade und eine T\u00fcr mit einer Glasscheibe. Darin befinden sich das brennende Holz und die Holzkohle. Die Flamme entweicht jedoch nicht nach oben, sondern zur Seite und tritt dort in die Wirbelkammer ein.[\/vc_column_text][vc_empty_space][vc_btn title=&#8220;Holzofen ansehen&#8220; css=&#8220;.vc_custom_1698673757804{margin-bottom: 35px !important;}&#8220; link=&#8220;url:%2Fde%2Fprodukt%2Fwilmont-holzofen%2F|title:Wilmont%20houtkachel&#8220;][\/vc_column][vc_column width=&#8220;1\/2&#8243;][vc_single_image image=&#8220;1602&#8243; img_size=&#8220;full&#8220; alignment=&#8220;center&#8220;][\/vc_column][\/vc_row][vc_row full_width=&#8220;stretch_row&#8220; el_class=&#8220;woodstove-map woodstove-map-right&#8220; css=&#8220;.vc_custom_1671460085459{padding-top: 50px !important;padding-bottom: 45px !important;background: #ffffff url(https:\/\/wilmontwoodstoves.com\/wp-content\/uploads\/Ontwerp-zonder-titel-11-1.png?id=680) !important;background-position: center !important;background-repeat: no-repeat !important;background-size: cover !important;}&#8220;][vc_column][vc_row_inner equal_height=&#8220;yes&#8220; content_placement=&#8220;middle&#8220;][vc_column_inner width=&#8220;5\/12&#8243;][vc_single_image image=&#8220;1360&#8243; img_size=&#8220;full&#8220;][\/vc_column_inner][vc_column_inner width=&#8220;7\/12&#8243;][vc_column_text]<\/p>\n<h2>WIRBELKAMMER<\/h2>\n<p>Durch den nat\u00fcrlichen Schornsteinzug wird die Flamme in die Wirbelkammer rechts neben der Hauptbrennkammer gezogen. Hier werden die Rauchgase bei einer sehr hohen Temperatur von 1000 bis 1200 Grad Celsius unter Zugabe zus\u00e4tzlicher Luft nachverbrannt. Diese Nachverbrennung sorgt f\u00fcr eine sehr hohe Verbrennungseffizienz und sehr geringe Kohlenmonoxidemissionen. Der Wilmont BF9 ist also einen sehr sauberen Ofen.[\/vc_column_text][\/vc_column_inner][\/vc_row_inner][\/vc_column][\/vc_row][vc_row full_width=&#8220;stretch_row&#8220; content_placement=&#8220;middle&#8220; el_class=&#8220;wilmont-box&#8220; css=&#8220;.vc_custom_1671459269853{border-top-width: 5px !important;border-bottom-width: 5px !important;padding-top: 28px !important;padding-bottom: 80px !important;background-image: url(https:\/\/wilmontwoodstoves.com\/wp-content\/uploads\/Hout-groot-1.png?id=726) !important;background-position: center !important;background-repeat: no-repeat !important;background-size: cover !important;border-top-color: #e1b833 !important;border-top-style: solid !important;border-bottom-color: #e1b833 !important;border-bottom-style: solid !important;}&#8220;][vc_column width=&#8220;1\/2&#8243;][\/vc_column][vc_column width=&#8220;1\/2&#8243;][vc_column_text]<\/p>\n<h2>HOLZZUFUHR<\/h2>\n<p>Die Zufuhr von Holzscheiten in das Feuer erfolgt auf nat\u00fcrliche Weise. Ohne Regelung, ohne empfindliche Technik oder bewegliche Teile und nicht zuletzt, ohne dass Sie etwas tun m\u00fcssen, nachdem Sie die Pufferrohre aufgef\u00fcllt haben. Diese kontinuierliche Zufuhr von Holz zum richtigen Zeitpunkt sorgt f\u00fcr einen gleichm\u00e4\u00dfigen Verbrennungsprozess und dauert an, bis das gesamte Holz abgebrannt ist. Dies tr\u00e4gt zu einem hohen Wirkungsgrad und einer angenehmen W\u00e4rme bei.[\/vc_column_text][\/vc_column][\/vc_row][vc_row full_width=&#8220;stretch_row&#8220; el_class=&#8220;woodstove-map woodstove-map-right&#8220; css=&#8220;.vc_custom_1673951036627{padding-top: 50px !important;padding-bottom: 45px !important;background: #000000 url(https:\/\/wilmontwoodstoves.com\/wp-content\/uploads\/vuurhand-2.png?id=750) !important;background-position: center !important;background-repeat: no-repeat !important;background-size: cover !important;}&#8220;][vc_column][vc_row_inner equal_height=&#8220;yes&#8220; content_placement=&#8220;middle&#8220;][vc_column_inner width=&#8220;5\/12&#8243;][vc_column_text]<\/p>\n<h3>W\u00c4RMETAUSCHER<\/h3>\n<p><span style=\"color: #ffffff;\">Die Flamme verbrennt fast vollst\u00e4ndig in der Wirbelkammer und verl\u00e4sst die Wirbelkammer in Form hei\u00dfer Verbrennungsgase (auch: Rauchgase). Die hei\u00dfen Gase gelangen \u00fcber einen W\u00e4rmetauscher in das Schornsteinrohr. Der W\u00e4rmetauscher entzieht den Verbrennungsgasen den gr\u00f6\u00dften Teil der W\u00e4rme. Dieser ist an der R\u00fcckseite sowie oberhalb der Wirbelkammer eingebaut und an den robusten K\u00fchlrippen zu erkennen.<\/span>[\/vc_column_text][\/vc_column_inner][vc_column_inner width=&#8220;7\/12&#8243;][vc_single_image image=&#8220;1628&#8243; img_size=&#8220;full&#8220; alignment=&#8220;center&#8220;][\/vc_column_inner][\/vc_row_inner][vc_column_text]<\/p>\n<h3>PUFFERROHRE<\/h3>\n<p><span style=\"color: #ffffff;\">An der Hauptbrennkammer befinden sich drei Pufferkammern. Diese verleihen dem Wilmont-Holzofen sein einzigartiges Aussehen. \u00dcber den Deckel an der Oberseite f\u00fcllen Sie die Pufferrohre mit Holzscheiten. In jedes Rohr befindet sich somit ein Turm aus Holzscheiten. Die unteren Scheite befinden sich im Feuer \u00fcber der Holzkohle und brennen langsam ab. Je weiter die Verbrennung fortschreitet, desto schw\u00e4cher werden die Bl\u00f6cke. Sie zerbr\u00f6ckeln und brechen auseinander, wodurch der Turm aus Holz im Pufferrohr immer weiter sinkt.<\/span>[\/vc_column_text][vc_row_inner][vc_column_inner width=&#8220;1\/2&#8243;][vc_btn title=&#8220;Holzofen ansehen&#8220; css=&#8220;.vc_custom_1698673910851{margin-bottom: 35px !important;}&#8220; link=&#8220;url:%2Fde%2Fprodukt%2Fwilmont-holzofen%2F|title:Wilmont%20houtkachel&#8220; el_class=&#8220;white-buttone&#8220;][\/vc_column_inner][vc_column_inner width=&#8220;1\/2&#8243;][vc_column_text]<\/p>\n<h3>W\u00c4RMEFREISETZUNG<\/h3>\n<p><span style=\"color: #ffffff;\">Die K\u00fchlrippen des W\u00e4rmetauschers sorgen daf\u00fcr, dass ein Gro\u00dfteil der W\u00e4rme durch Konvektion an den Raum abgegeben wird, in dem der Ofen aufgestellt ist. Konvektion bedeutet, dass die Luft zwischen den K\u00fchlrippen str\u00f6mt, sich erw\u00e4rmt und aufsteigt. Diese aufsteigende Luft saugt wiederum Luft an, wodurch ein vertikaler \u201cWind\u201d entsteht, der den Ofen k\u00fchlt und die Luft im Raum erw\u00e4rmt. Die W\u00e4rme wird auch durch Strahlung an den Raum abgegeben. Der Wilmont-Kaminofen ist also kein reiner Strahlungsofen, aber auch kein reiner Konvektionsofen. Er nutzt beide Prinzipien, um W\u00e4rme an den Raum zu \u00fcbertragen.<\/span>[\/vc_column_text][\/vc_column_inner][\/vc_row_inner][vc_row_inner][vc_column_inner width=&#8220;1\/2&#8243;][\/vc_column_inner][vc_column_inner width=&#8220;1\/2&#8243;][vc_column_text]<\/p>\n<h3>Eine einzigartige Geschichte<\/h3>\n<p><span style=\"color: #ffffff;\">Wilmont Woodstoves hat eine au\u00dfergew\u00f6hnliche Geschichte. Im Jahr 2004 kaufte der Maschinenbauer Martijn van Rossum ein altes, bauf\u00e4lliges Bauernhaus in Goch, Deutschland. Mit wenig Geld, aber viel gesundem Menschenverstand, begann er mit der Renovierung des Hauses.<\/span>[\/vc_column_text][vc_btn title=&#8220;Weiterlesen&#8220; el_class=&#8220;white-buttone&#8220; link=&#8220;url:%2Fde%2Fover-wilmont%2F|title:Over%20wilmont&#8220;][\/vc_column_inner][\/vc_row_inner][\/vc_column][\/vc_row][vc_row full_width=&#8220;stretch_row&#8220; el_class=&#8220;wilmont-box&#8220; css=&#8220;.vc_custom_1673878337481{border-top-width: 5px !important;border-bottom-width: 5px !important;padding-top: 100px !important;padding-bottom: 100px !important;background-image: url(https:\/\/wilmontwoodstoves.com\/wp-content\/uploads\/Ontwerp-zonder-titel-22-1.png?id=909) !important;background-position: center !important;background-repeat: no-repeat !important;background-size: cover !important;border-top-color: #e1b833 !important;border-top-style: solid !important;border-bottom-color: #e1b833 !important;border-bottom-style: solid !important;}&#8220;][vc_column width=&#8220;1\/2&#8243;][\/vc_column][vc_column width=&#8220;1\/2&#8243;][vc_column_text]<\/p>\n<h3>Siehe auch den Bivak &#8211; Terrassenofen<\/h3>\n<p>Der Wilmont BIVAK ist ein attraktiver, holzbefeuerter Terrassenofen mit einem wundersch\u00f6nen, einzigartigen Flammenbild und herrlicher Strahlungsw\u00e4rme. Der Kaminofen ist von hoher Qualit\u00e4t und besteht aus Edelstahl, so dass der Ofen nicht rostet und keine Rostflecken auf der Terrasse hinterl\u00e4sst.<\/p>\n<p>Dank des innovativen Verbrennungssystems ist die Verbrennung nahezu vollst\u00e4ndig, die Rauchgase sind sauber, transparent und stinken nicht. So k\u00f6nnen Sie ein gem\u00fctliches Holzfeuer auf Ihrer Terrasse genie\u00dfen, ohne sich und Ihre Nachbarn dem Rauch auszusetzen.<br \/>\n[\/vc_column_text][vc_btn title=&#8220;Wilmont Bivak ansehen&#8220; el_class=&#8220;white-btn&#8220; link=&#8220;url:%2Fde%2Fprodukt%2Fwilmont-terrassenheizer%2F|title:Wilmont%20terraskachel&#8220;][\/vc_column][\/vc_row]<\/p>\n","protected":false},"excerpt":{"rendered":"<p>[vc_row][vc_column][vc_empty_space][\/vc_column][\/vc_row][vc_row full_width=&#8220;stretch_row&#8220; content_placement=&#8220;middle&#8220; css=&#8220;.vc_custom_1671458281592{padding-bottom: 90px !important;}&#8220;][vc_column width=&#8220;1\/2&#8243;][vc_column_text] Das Wilmont-Prinzip Der Wilmont-Kaminofen ist ein einzigartig konzipierter Holzofen mit speziellen Pufferkammern, die&#8230;<\/p>\n","protected":false},"author":1,"featured_media":1630,"parent":0,"menu_order":0,"comment_status":"closed","ping_status":"closed","template":"","meta":{"footnotes":""},"class_list":["post-1693","page","type-page","status-publish","has-post-thumbnail","hentry"],"_links":{"self":[{"href":"https:\/\/wilmontwoodstoves.com\/de\/wp-json\/wp\/v2\/pages\/1693","targetHints":{"allow":["GET"]}}],"collection":[{"href":"https:\/\/wilmontwoodstoves.com\/de\/wp-json\/wp\/v2\/pages"}],"about":[{"href":"https:\/\/wilmontwoodstoves.com\/de\/wp-json\/wp\/v2\/types\/page"}],"author":[{"embeddable":true,"href":"https:\/\/wilmontwoodstoves.com\/de\/wp-json\/wp\/v2\/users\/1"}],"replies":[{"embeddable":true,"href":"https:\/\/wilmontwoodstoves.com\/de\/wp-json\/wp\/v2\/comments?post=1693"}],"version-history":[{"count":6,"href":"https:\/\/wilmontwoodstoves.com\/de\/wp-json\/wp\/v2\/pages\/1693\/revisions"}],"predecessor-version":[{"id":1908,"href":"https:\/\/wilmontwoodstoves.com\/de\/wp-json\/wp\/v2\/pages\/1693\/revisions\/1908"}],"wp:featuredmedia":[{"embeddable":true,"href":"https:\/\/wilmontwoodstoves.com\/de\/wp-json\/wp\/v2\/media\/1630"}],"wp:attachment":[{"href":"https:\/\/wilmontwoodstoves.com\/de\/wp-json\/wp\/v2\/media?parent=1693"}],"curies":[{"name":"wp","href":"https:\/\/api.w.org\/{rel}","templated":true}]}}