{"id":1683,"date":"2022-08-23T10:59:28","date_gmt":"2022-08-23T10:59:28","guid":{"rendered":"https:\/\/wilmontwoodstoves.com\/contact\/"},"modified":"2023-08-29T12:13:53","modified_gmt":"2023-08-29T12:13:53","slug":"kontakt","status":"publish","type":"page","link":"https:\/\/wilmontwoodstoves.com\/de\/kontakt\/","title":{"rendered":"Kontakt"},"content":{"rendered":"<p>[vc_row full_width=&#8220;stretch_row&#8220; css=&#8220;.vc_custom_1661343461534{padding-top: 20px !important;padding-bottom: 35px !important;}&#8220;][vc_column][vc_column_text el_class=&#8220;center&#8220;]<\/p>\n<h2>Kontakt<\/h2>\n<p>[\/vc_column_text][\/vc_column][\/vc_row][vc_row full_width=&#8220;stretch_row&#8220; css=&#8220;.vc_custom_1671465681680{background-position: center !important;background-repeat: no-repeat !important;background-size: cover !important;}&#8220;][vc_column][vc_row_inner el_class=&#8220;contact-info&#8220;][vc_column_inner width=&#8220;1\/2&#8243;][vc_column_text]<\/p>\n<h3>M\u00f6chten Sie mehr \u00fcber Wilmont Holz\u00f6fen erfahren?<\/h3>\n<p>Oder einen Termin f\u00fcr eine Besichtigung vereinbaren?<br \/>\nDann nehmen Sie bitte Kontakt mit<br \/>\n<span style=\"color: #e1b833;\">Martijn van Rossum<\/span> auf<\/p>\n<p>Wilmont Holz\u00f6fen ist ein Produkt von:<\/p>\n<p><span style=\"color: #e1b833;\"><strong>Rosmo Machinebouw<\/strong><\/span><br \/>\n[\/vc_column_text][vc_widget_sidebar sidebar_id=&#8220;sw-footer-4&#8243;][\/vc_column_inner][vc_column_inner width=&#8220;1\/2&#8243;][vc_gmaps link=&#8220;#E-8_JTNDaWZyYW1lJTIwc3JjJTNEJTIyaHR0cHMlM0ElMkYlMkZ3d3cuZ29vZ2xlLmNvbSUyRm1hcHMlMkZlbWJlZCUzRnBiJTNEJTIxMW0xOCUyMTFtMTIlMjExbTMlMjExZDI0NjguMDkzMTQ0NTg4MDU1NiUyMTJkNS41NDM5MTM3MTU1MzAxNDM0JTIxM2Q1MS43ODYxODM3OTgxMDI0NyUyMTJtMyUyMTFmMCUyMTJmMCUyMTNmMCUyMTNtMiUyMTFpMTAyNCUyMTJpNzY4JTIxNGYxMy4xJTIxM20zJTIxMW0yJTIxMXMweDQ3YzZmYzM2MGE2Y2JiOTUlMjUzQTB4Y2MzMjQyNTc0Yzg1Mjc2YiUyMTJzTGVrc3RyYWF0JTI1MjA0QSUyNTJDJTI1MjA1MzQ3JTI1MjBLViUyNTIwT3NzJTI1MkMlMjUyME5ldGhlcmxhbmRzJTIxNWUwJTIxM20yJTIxMXNlbiUyMTJzaW4lMjE0djE2NjEzNDU4NzI3MjklMjE1bTIlMjExc2VuJTIxMnNpbiUyMiUyMHdpZHRoJTNEJTIyNjAwJTIyJTIwaGVpZ2h0JTNEJTIyNDUwJTIyJTIwc3R5bGUlM0QlMjJib3JkZXIlM0EwJTNCJTIyJTIwYWxsb3dmdWxsc2NyZWVuJTNEJTIyJTIyJTIwbG9hZGluZyUzRCUyMmxhenklMjIlMjByZWZlcnJlcnBvbGljeSUzRCUyMm5vLXJlZmVycmVyLXdoZW4tZG93bmdyYWRlJTIyJTNFJTNDJTJGaWZyYW1lJTNF&#8220;][\/vc_column_inner][\/vc_row_inner][\/vc_column][\/vc_row]<\/p>\n","protected":false},"excerpt":{"rendered":"<p>[vc_row full_width=&#8220;stretch_row&#8220; css=&#8220;.vc_custom_1661343461534{padding-top: 20px !important;padding-bottom: 35px !important;}&#8220;][vc_column][vc_column_text el_class=&#8220;center&#8220;] Kontakt [\/vc_column_text][\/vc_column][\/vc_row][vc_row full_width=&#8220;stretch_row&#8220; css=&#8220;.vc_custom_1671465681680{background-position: center !important;background-repeat: no-repeat !important;background-size: cover !important;}&#8220;][vc_column][vc_row_inner el_class=&#8220;contact-info&#8220;][vc_column_inner width=&#8220;1\/2&#8243;][vc_column_text]&#8230;<\/p>\n","protected":false},"author":2,"featured_media":1632,"parent":0,"menu_order":0,"comment_status":"closed","ping_status":"closed","template":"","meta":{"footnotes":""},"class_list":["post-1683","page","type-page","status-publish","has-post-thumbnail","hentry"],"_links":{"self":[{"href":"https:\/\/wilmontwoodstoves.com\/de\/wp-json\/wp\/v2\/pages\/1683","targetHints":{"allow":["GET"]}}],"collection":[{"href":"https:\/\/wilmontwoodstoves.com\/de\/wp-json\/wp\/v2\/pages"}],"about":[{"href":"https:\/\/wilmontwoodstoves.com\/de\/wp-json\/wp\/v2\/types\/page"}],"author":[{"embeddable":true,"href":"https:\/\/wilmontwoodstoves.com\/de\/wp-json\/wp\/v2\/users\/2"}],"replies":[{"embeddable":true,"href":"https:\/\/wilmontwoodstoves.com\/de\/wp-json\/wp\/v2\/comments?post=1683"}],"version-history":[{"count":3,"href":"https:\/\/wilmontwoodstoves.com\/de\/wp-json\/wp\/v2\/pages\/1683\/revisions"}],"predecessor-version":[{"id":1686,"href":"https:\/\/wilmontwoodstoves.com\/de\/wp-json\/wp\/v2\/pages\/1683\/revisions\/1686"}],"wp:featuredmedia":[{"embeddable":true,"href":"https:\/\/wilmontwoodstoves.com\/de\/wp-json\/wp\/v2\/media\/1632"}],"wp:attachment":[{"href":"https:\/\/wilmontwoodstoves.com\/de\/wp-json\/wp\/v2\/media?parent=1683"}],"curies":[{"name":"wp","href":"https:\/\/api.w.org\/{rel}","templated":true}]}}