{"id":1656,"date":"2022-01-31T16:51:35","date_gmt":"2022-01-31T16:51:35","guid":{"rendered":"https:\/\/wilmontwoodstoves.com\/homepage\/"},"modified":"2023-10-30T13:20:20","modified_gmt":"2023-10-30T13:20:20","slug":"homepage","status":"publish","type":"page","link":"https:\/\/wilmontwoodstoves.com\/de\/","title":{"rendered":"Homepage"},"content":{"rendered":"<p>[vc_row full_width=&#8220;stretch_row_content_no_spaces&#8220; full_height=&#8220;yes&#8220; columns_placement=&#8220;stretch&#8220; el_class=&#8220;home-hero-video&#8220;][vc_column][vc_column_text]<\/p>\n<div class=\"vimeo-wrapper\"><iframe src=\"https:\/\/player.vimeo.com\/video\/794437051?portrait=0?background=1&amp;autoplay=1&amp;loop=1&amp;byline=0&amp;title=0&amp;muted=1&amp;controls=0\" frameborder=\"0\" allowfullscreen=\"allowfullscreen\"><\/iframe><\/div>\n<p>[\/vc_column_text][vc_row_inner][vc_column_inner el_class=&#8220;info-btn center&#8220;][vc_column_text]<\/p>\n<h3><span style=\"color: #ffffff;\">Wilmont Woodstoves<\/span><\/h3>\n<h2><span style=\"color: #ffffff;\">Endless Warmth<\/span><\/h2>\n<p><span style=\"color: #ffffff;\"><strong>+ Minimaler Feinstaub<\/strong><\/span><\/p>\n<p><span style=\"color: #ffffff;\"><strong>+ Automatischer Holzvorschub<\/strong><\/span><\/p>\n<p><span style=\"color: #ffffff;\"><strong>+ Sauber durch Nachverbrennung<\/strong><\/span>[\/vc_column_text][vc_btn title=&#8220;<strong> Das Wilmont-Prinzip <\/strong>&#8220; link=&#8220;url:%2Fde%2Fein-besonderes-design%2F|title:Een%20bijzonder%20ontwerp&#8220;][\/vc_column_inner][\/vc_row_inner][vc_column_text el_class=&#8220;down-arrow&#8220;]<a href=\"#nieuwsgierig\"> <img decoding=\"async\" src=\"\/wp-content\/uploads\/icon-down.svg\" alt=\"\" \/> <\/a>[\/vc_column_text][\/vc_column][\/vc_row][vc_row full_width=&#8220;stretch_row&#8220; equal_height=&#8220;yes&#8220; content_placement=&#8220;middle&#8220; el_class=&#8220;nieuwsgierig-box&#8220; el_id=&#8220;nieuwsgierig&#8220;][vc_column][vc_column_text el_class=&#8220;center&#8220;]<\/p>\n<h3>Neugierig?<\/h3>\n<p>[\/vc_column_text][vc_btn title=&#8220;Zu den Designs&#8220; align=&#8220;center&#8220; link=&#8220;url:%2Fde%2Fkaminofen%2F|title:Kachels&#8220;][\/vc_column][\/vc_row][vc_row full_width=&#8220;stretch_row_content&#8220; equal_height=&#8220;yes&#8220; content_placement=&#8220;middle&#8220; el_class=&#8220;two-box&#8220;][vc_column width=&#8220;1\/2&#8243; css=&#8220;.vc_custom_1669215759720{background-image: url(https:\/\/wilmontwoodstoves.com\/wp-content\/uploads\/img-bivak1.jpg?id=481) !important;background-position: center !important;background-repeat: no-repeat !important;background-size: cover !important;}&#8220; column_link=&#8220;url:%2Fproduct%2Fwilmont-terraskachel%2F|title:Wilmont%20terraskachel&#8220;][vc_column_text el_class=&#8220;center&#8220;]<\/p>\n<h2>Wilmont BIVAK<\/h2>\n<h3>Terrassenofen<\/h3>\n<p>[\/vc_column_text][\/vc_column][vc_column width=&#8220;1\/2&#8243; css=&#8220;.vc_custom_1669215778718{background-image: url(https:\/\/wilmontwoodstoves.com\/wp-content\/uploads\/woodstove.jpg?id=489) !important;background-position: center !important;background-repeat: no-repeat !important;background-size: cover !important;}&#8220; column_link=&#8220;url:%2Fproduct%2Fwilmont-houtkachel%2F|title:Wilmont%20houtkachel&#8220;][vc_column_text el_class=&#8220;center&#8220;]<\/p>\n<h2>Wilmont BF9<\/h2>\n<h3>Holzofen<\/h3>\n<p>[\/vc_column_text][\/vc_column][\/vc_row][vc_row full_width=&#8220;stretch_row&#8220; css=&#8220;.vc_custom_1661332073830{padding-top: 90px !important;padding-bottom: 108px !important;}&#8220;][vc_column][vc_row_inner][vc_column_inner width=&#8220;2\/12&#8243;][\/vc_column_inner][vc_column_inner width=&#8220;8\/12&#8243;][vc_column_text el_class=&#8220;center&#8220;]<\/p>\n<h2>DAS WILMONT PRINZIP<\/h2>\n<p>[\/vc_column_text][vc_column_text el_class=&#8220;center&#8220;]Die Kamin\u00f6fen von Wilmont zeichnen sich durch zwei wichtige Merkmale aus: die automatische Holzzufuhr und die saubere Verbrennung durch Nachverbrennung der Flamme. Das ist gut f\u00fcr die Nachbarschaft, da der Ofengeruch kaum wahrnehmbar ist. Die automatische Holzzufuhr sorgt f\u00fcr eine sehr lange Brenndauer von bis zu 8 Stunden.[\/vc_column_text][vc_btn title=&#8220;Mehr lesen&#8220; align=&#8220;center&#8220; link=&#8220;url:%2Fde%2Fein-besonderes-design%2F|title:EEN%20BIJZONDER%20ONTWERP&#8220;][\/vc_column_inner][vc_column_inner width=&#8220;2\/12&#8243;][\/vc_column_inner][\/vc_row_inner][\/vc_column][\/vc_row][vc_row full_width=&#8220;stretch_row&#8220; disable_element=&#8220;yes&#8220; css=&#8220;.vc_custom_1673871475432{padding-top: 90px !important;padding-bottom: 108px !important;}&#8220;][vc_column][vc_row_inner][vc_column_inner width=&#8220;2\/12&#8243;][\/vc_column_inner][vc_column_inner width=&#8220;8\/12&#8243;][vc_column_text el_class=&#8220;center&#8220;]<\/p>\n<h2>Besondere Geschichte<\/h2>\n<p>[\/vc_column_text][vc_column_text el_class=&#8220;center&#8220;]Der Wilmont-Holzofen hat eine besondere Geschichte. Im Jahr 2004 kaufte der Maschinenbauingenieur Martijn van Rossum ein altes, bauf\u00e4lliges Bauernhaus in Goch, Deutschland. Mit wenig Geld, aber viel gesundem Menschenverstand, begann er mit der Renovierung des Hauses.[\/vc_column_text][vc_btn title=&#8220;Mehr lesen&#8220; align=&#8220;center&#8220; link=&#8220;url:%2Fover-wilmont%2F&#8220;][\/vc_column_inner][vc_column_inner width=&#8220;2\/12&#8243;][\/vc_column_inner][\/vc_row_inner][\/vc_column][\/vc_row][vc_row][vc_column][vc_column_text]        <div\n            class=\"spotlight-instagram-feed\"\n            data-feed-var=\"1a6ed8b6\"\n            data-analytics=\"0\"\n            data-instance=\"1656\"\n        >\n        <\/div>\n        <input type=\"hidden\" id=\"sli__f__1a6ed8b6\" data-json='{&quot;useCase&quot;:&quot;accounts&quot;,&quot;template&quot;:&quot;classic&quot;,&quot;layout&quot;:&quot;grid&quot;,&quot;numColumns&quot;:{&quot;desktop&quot;:3},&quot;highlightFreq&quot;:{&quot;desktop&quot;:7},&quot;sliderNumScrollPosts&quot;:{&quot;desktop&quot;:1},&quot;sliderInfinite&quot;:true,&quot;sliderLoop&quot;:false,&quot;sliderArrowPos&quot;:{&quot;desktop&quot;:&quot;inside&quot;},&quot;sliderArrowSize&quot;:{&quot;desktop&quot;:20},&quot;sliderArrowColor&quot;:{&quot;r&quot;:255,&quot;b&quot;:255,&quot;g&quot;:255,&quot;a&quot;:1},&quot;sliderArrowBgColor&quot;:{&quot;r&quot;:0,&quot;b&quot;:0,&quot;g&quot;:0,&quot;a&quot;:0.8},&quot;sliderAutoScroll&quot;:false,&quot;sliderAutoInterval&quot;:3,&quot;postOrder&quot;:&quot;date_desc&quot;,&quot;numPosts&quot;:{&quot;desktop&quot;:9},&quot;linkBehavior&quot;:{&quot;desktop&quot;:&quot;lightbox&quot;},&quot;feedWidth&quot;:{&quot;desktop&quot;:800},&quot;feedHeight&quot;:{&quot;desktop&quot;:500},&quot;feedPadding&quot;:{&quot;desktop&quot;:24,&quot;tablet&quot;:14,&quot;phone&quot;:10},&quot;imgPadding&quot;:{&quot;desktop&quot;:5,&quot;tablet&quot;:10,&quot;phone&quot;:6},&quot;textSize&quot;:{&quot;desktop&quot;:&quot;&quot;,&quot;tablet&quot;:&quot;&quot;,&quot;phone&quot;:&quot;&quot;},&quot;bgColor&quot;:{&quot;r&quot;:255,&quot;g&quot;:255,&quot;b&quot;:255,&quot;a&quot;:1},&quot;hoverInfo&quot;:[&quot;likes_comments&quot;,&quot;insta_link&quot;],&quot;textColorHover&quot;:{&quot;r&quot;:255,&quot;g&quot;:255,&quot;b&quot;:255,&quot;a&quot;:1},&quot;bgColorHover&quot;:{&quot;r&quot;:0,&quot;g&quot;:0,&quot;b&quot;:0,&quot;a&quot;:0.5},&quot;showHeader&quot;:{&quot;desktop&quot;:true},&quot;headerInfo&quot;:{&quot;desktop&quot;:[&quot;profile_pic&quot;,&quot;bio&quot;]},&quot;headerAccount&quot;:5,&quot;headerStyle&quot;:{&quot;desktop&quot;:&quot;normal&quot;,&quot;phone&quot;:&quot;normal&quot;},&quot;headerTextSize&quot;:{&quot;desktop&quot;:&quot;&quot;},&quot;headerPhotoSize&quot;:{&quot;desktop&quot;:50},&quot;headerTextColor&quot;:{&quot;r&quot;:0,&quot;g&quot;:0,&quot;b&quot;:0,&quot;a&quot;:1},&quot;headerBgColor&quot;:{&quot;r&quot;:255,&quot;g&quot;:255,&quot;b&quot;:255,&quot;a&quot;:0},&quot;headerPadding&quot;:{&quot;desktop&quot;:0,&quot;phone&quot;:0},&quot;customProfilePic&quot;:0,&quot;customBioText&quot;:&quot;&quot;,&quot;includeStories&quot;:false,&quot;storiesInterval&quot;:5,&quot;showCaptions&quot;:{&quot;desktop&quot;:false},&quot;captionMaxLength&quot;:{&quot;desktop&quot;:0},&quot;captionRemoveDots&quot;:false,&quot;captionSize&quot;:{&quot;desktop&quot;:0},&quot;captionColor&quot;:{&quot;r&quot;:0,&quot;g&quot;:0,&quot;b&quot;:0,&quot;a&quot;:1},&quot;showLikes&quot;:{&quot;desktop&quot;:false},&quot;showComments&quot;:{&quot;desktop&quot;:false},&quot;lcIconSize&quot;:{&quot;desktop&quot;:14},&quot;likesIconColor&quot;:{&quot;r&quot;:0,&quot;g&quot;:0,&quot;b&quot;:0,&quot;a&quot;:1},&quot;commentsIconColor&quot;:{&quot;r&quot;:0,&quot;g&quot;:0,&quot;b&quot;:0,&quot;a&quot;:1},&quot;lightboxShowSidebar&quot;:false,&quot;lightboxCtaStyle&quot;:&quot;link&quot;,&quot;lightboxCtaDesign&quot;:{&quot;text&quot;:{&quot;color&quot;:{&quot;r&quot;:0,&quot;g&quot;:0,&quot;b&quot;:0,&quot;a&quot;:1},&quot;align&quot;:&quot;center&quot;},&quot;bgColor&quot;:{&quot;r&quot;:230,&quot;g&quot;:230,&quot;b&quot;:230,&quot;a&quot;:1},&quot;border&quot;:{&quot;radius&quot;:3}},&quot;numLightboxComments&quot;:50,&quot;showLoadMoreBtn&quot;:{&quot;desktop&quot;:true},&quot;loadMoreBtnDesign&quot;:{&quot;text&quot;:{&quot;color&quot;:{&quot;r&quot;:35,&quot;g&quot;:143,&quot;b&quot;:181,&quot;a&quot;:1},&quot;align&quot;:&quot;center&quot;},&quot;border&quot;:{&quot;radius&quot;:3},&quot;bgColor&quot;:{&quot;r&quot;:41,&quot;g&quot;:167,&quot;b&quot;:210,&quot;a&quot;:0.1},&quot;margin&quot;:{&quot;top&quot;:0,&quot;bottom&quot;:0,&quot;left&quot;:0,&quot;right&quot;:0}},&quot;loadMoreBtnText&quot;:&quot;Load More Posts&quot;,&quot;loadMoreBtnScroll&quot;:false,&quot;autoload&quot;:false,&quot;showFollowBtn&quot;:{&quot;desktop&quot;:true},&quot;followBtnText&quot;:&quot;Follow on Instagram&quot;,&quot;followBtnDesign&quot;:{&quot;text&quot;:{&quot;color&quot;:{&quot;r&quot;:255,&quot;g&quot;:255,&quot;b&quot;:255,&quot;a&quot;:1},&quot;align&quot;:&quot;center&quot;},&quot;border&quot;:{&quot;radius&quot;:3},&quot;bgColor&quot;:{&quot;r&quot;:41,&quot;g&quot;:167,&quot;b&quot;:210,&quot;a&quot;:1},&quot;margin&quot;:{&quot;top&quot;:0,&quot;bottom&quot;:0,&quot;left&quot;:0,&quot;right&quot;:0}},&quot;followBtnLocation&quot;:{&quot;desktop&quot;:&quot;header&quot;,&quot;phone&quot;:&quot;bottom&quot;},&quot;alignFooterButtons&quot;:{&quot;desktop&quot;:false},&quot;customCss&quot;:&quot;\\\/* Enter your custom CSS below *\\\/\\n\\n&quot;,&quot;accounts&quot;:[981],&quot;tagged&quot;:[],&quot;hashtags&quot;:[],&quot;mediaType&quot;:&quot;all&quot;,&quot;hashtagWhitelist&quot;:[],&quot;hashtagBlacklist&quot;:[],&quot;captionWhitelist&quot;:[],&quot;captionBlacklist&quot;:[],&quot;hashtagWhitelistSettings&quot;:true,&quot;hashtagBlacklistSettings&quot;:true,&quot;captionWhitelistSettings&quot;:true,&quot;captionBlacklistSettings&quot;:true,&quot;moderation&quot;:[],&quot;moderationMode&quot;:&quot;blacklist&quot;,&quot;promosVersion&quot;:2,&quot;promosEnabled&quot;:true,&quot;globalPromosEnabled&quot;:true,&quot;autoPromosEnabled&quot;:true,&quot;promoOverrides&quot;:[],&quot;feedPromo&quot;:{&quot;linkSource&quot;:{&quot;type&quot;:null},&quot;linkBehavior&quot;:{&quot;openNewTab&quot;:false,&quot;showPopupBox&quot;:false},&quot;linkText&quot;:&quot;&quot;},&quot;gaCampaignSource&quot;:&quot;&quot;,&quot;gaCampaignMedium&quot;:&quot;&quot;,&quot;gaCampaignName&quot;:&quot;&quot;}' \/>\n        <input type=\"hidden\" id=\"sli__a__1a6ed8b6\" data-json='[{&quot;id&quot;:981,&quot;type&quot;:&quot;PERSONAL&quot;,&quot;userId&quot;:&quot;17841450944232104&quot;,&quot;username&quot;:&quot;wilmont_woodstoves&quot;,&quot;bio&quot;:&quot;&quot;,&quot;customBio&quot;:&quot;&quot;,&quot;profilePicUrl&quot;:&quot;&quot;,&quot;customProfilePicUrl&quot;:&quot;&quot;,&quot;mediaCount&quot;:&quot;28&quot;,&quot;followersCount&quot;:&quot;0&quot;,&quot;usages&quot;:[],&quot;creationDate&quot;:&quot;2023-02-20 16:13:45&quot;}]' \/>\n        <input type=\"hidden\" id=\"sli__m__1a6ed8b6\" data-json='[]' \/>\n        [\/vc_column_text][\/vc_column][\/vc_row][vc_row full_width=&#8220;stretch_row&#8220; css=&#8220;.vc_custom_1670341623576{padding-top: 80px !important;padding-bottom: 90px !important;background: #ffffff url(https:\/\/wilmontwoodstoves.com\/wp-content\/uploads\/Ontwerp-zonder-titel-14.png?id=696) !important;background-position: center !important;background-repeat: no-repeat !important;background-size: cover !important;}&#8220; el_class=&#8220;woodstove-map&#8220;][vc_column css=&#8220;.vc_custom_1661332497204{padding-top: 0px !important;}&#8220;][vc_row_inner css=&#8220;.vc_custom_1670340144801{padding-top: 0px !important;background-position: center !important;background-repeat: no-repeat !important;background-size: cover !important;}&#8220;][vc_column_inner width=&#8220;1\/2&#8243; css=&#8220;.vc_custom_1670340609109{background-position: center !important;background-repeat: no-repeat !important;background-size: cover !important;}&#8220;][\/vc_column_inner][vc_column_inner width=&#8220;1\/2&#8243;][vc_column_text]<\/p>\n<h3>Woodstoves<\/h3>\n<h2>Nachhaltiges Design<\/h2>\n<p>[\/vc_column_text][vc_column_text]Einzigartiges, industrielles Design. Ausgezeichneter Wirkungsgrad. Sehr saubere Verbrennung und hohe Benutzerfreundlichkeit: bis zu 8 Stunden Brenndauer ohne Nachlegen.<br \/>\nWir sind stolz auf diesen au\u00dfergew\u00f6hnlichen Kaminofen, der mit keinem anderen Holzofen verglichen werden kann.[\/vc_column_text][vc_btn title=&#8220;Zu den Designs&#8220; style=&#8220;btn-custom2&#8243; i_icon_fontawesome=&#8220;fas fa-angle-double-right&#8220; add_icon=&#8220;true&#8220; link=&#8220;url:%2Fde%2Fein-besonderes-design%2F&#8220;][\/vc_column_inner][\/vc_row_inner][\/vc_column][\/vc_row][vc_row full_width=&#8220;stretch_row&#8220; css=&#8220;.vc_custom_1661344999868{border-top-width: 5px !important;border-bottom-width: 5px !important;padding-top: 60px !important;padding-bottom: 105px !important;background-image: url(https:\/\/wilmontwoodstoves.com\/wp-content\/uploads\/Schermafbeelding-2022-07-26-om-14.02.58.png?id=521) !important;background-position: center !important;background-repeat: no-repeat !important;background-size: cover !important;border-top-color: #e1b833 !important;border-top-style: solid !important;border-bottom-color: #e1b833 !important;border-bottom-style: solid !important;}&#8220; el_class=&#8220;wilmont-box bbtn&#8220;][vc_column css=&#8220;.vc_custom_1661333260706{padding-top: 0px !important;}&#8220;][vc_row_inner][vc_column_inner width=&#8220;1\/2&#8243;][vc_column_text]<\/p>\n<h3 class=\"white-color\">Einzigartig<\/h3>\n<h2>Wilmont <span class=\"white-color\"> woodstoves <\/span><\/h2>\n<p>[\/vc_column_text][vc_column_text]Durch die Distanzierung von allen bisherigen Prinzipien und die komplette Neukonzeption des Verbrennungssystems ist der Kaminofen Wilmont wesentlich sauberer und effizienter als herk\u00f6mmliche Holz\u00f6fen. Dies wird unter anderem durch die Anwendung des Prinzips der Holzvergasung erreicht, bei dem die Rauchgase aus der Prim\u00e4rverbrennung bei sehr hoher Temperatur (bis zu 1.200 Grad Celsius) noch einmal nahezu vollst\u00e4ndig verbrannt und in einer Wirbelkammer mit sehr stark vorgew\u00e4rmter Luft vermischt werden. Diese W\u00e4rme wird dann \u00fcber einen W\u00e4rmetauscher an die Umgebung abgegeben. Durch das einzigartige Puffersystem kann der Ofen au\u00dferdem bis zu 8 Stunden ohne Unterbrechung brennen.[\/vc_column_text][\/vc_column_inner][vc_column_inner width=&#8220;1\/2&#8243;][\/vc_column_inner][\/vc_row_inner][\/vc_column][\/vc_row]<\/p>\n","protected":false},"excerpt":{"rendered":"<p>[vc_row full_width=&#8220;stretch_row_content_no_spaces&#8220; full_height=&#8220;yes&#8220; columns_placement=&#8220;stretch&#8220; el_class=&#8220;home-hero-video&#8220;][vc_column][vc_column_text] [\/vc_column_text][vc_row_inner][vc_column_inner el_class=&#8220;info-btn center&#8220;][vc_column_text] Wilmont Woodstoves Endless Warmth + Minimaler Feinstaub + Automatischer Holzvorschub + Sauber&#8230;<\/p>\n","protected":false},"author":1,"featured_media":0,"parent":0,"menu_order":0,"comment_status":"closed","ping_status":"closed","template":"","meta":{"footnotes":""},"class_list":["post-1656","page","type-page","status-publish","hentry"],"_links":{"self":[{"href":"https:\/\/wilmontwoodstoves.com\/de\/wp-json\/wp\/v2\/pages\/1656","targetHints":{"allow":["GET"]}}],"collection":[{"href":"https:\/\/wilmontwoodstoves.com\/de\/wp-json\/wp\/v2\/pages"}],"about":[{"href":"https:\/\/wilmontwoodstoves.com\/de\/wp-json\/wp\/v2\/types\/page"}],"author":[{"embeddable":true,"href":"https:\/\/wilmontwoodstoves.com\/de\/wp-json\/wp\/v2\/users\/1"}],"replies":[{"embeddable":true,"href":"https:\/\/wilmontwoodstoves.com\/de\/wp-json\/wp\/v2\/comments?post=1656"}],"version-history":[{"count":5,"href":"https:\/\/wilmontwoodstoves.com\/de\/wp-json\/wp\/v2\/pages\/1656\/revisions"}],"predecessor-version":[{"id":1905,"href":"https:\/\/wilmontwoodstoves.com\/de\/wp-json\/wp\/v2\/pages\/1656\/revisions\/1905"}],"wp:attachment":[{"href":"https:\/\/wilmontwoodstoves.com\/de\/wp-json\/wp\/v2\/media?parent=1656"}],"curies":[{"name":"wp","href":"https:\/\/api.w.org\/{rel}","templated":true}]}}